{"id":1434,"date":"2022-03-04T08:13:20","date_gmt":"2022-03-04T07:13:20","guid":{"rendered":"https:\/\/askla.pl\/o-nas\/"},"modified":"2022-07-20T08:32:44","modified_gmt":"2022-07-20T06:32:44","slug":"ueber-das-unternehmen","status":"publish","type":"page","link":"https:\/\/askla.pl\/de\/ueber-das-unternehmen\/","title":{"rendered":"\u00dcber das Unternehmen"},"content":{"rendered":"\n<style type=\"text\/css\" data-created_by=\"avia_inline_auto\" id=\"style-css-av-l1a890a5-47cb5fbeaeb33136f14009b319aad7a4\">\n.avia-section.av-l1a890a5-47cb5fbeaeb33136f14009b319aad7a4{\nbackground-color:#ffffff;\n}\n<\/style>\n<div id='av_section_1'  class='avia-section av-l1a890a5-47cb5fbeaeb33136f14009b319aad7a4 main_color avia-section-default avia-no-border-styling  avia-builder-el-0  avia-builder-el-no-sibling  avia-bg-style-scroll container_wrap fullsize'  ><div class='container av-section-cont-open' ><main  role=\"main\" itemprop=\"mainContentOfPage\"  class='template-page content  av-content-full alpha units'><div class='post-entry post-entry-type-page post-entry-1434'><div class='entry-content-wrapper clearfix'>\n<div class='flex_column av-16ldt2-57285d1e2ddcadaa68e850f7b9639cf9 av_one_full  avia-builder-el-1  el_before_av_one_full  avia-builder-el-first  first flex_column_div '   ><p>\n<style type=\"text\/css\" data-created_by=\"avia_inline_auto\" id=\"style-css-av-l1a8a0dq-8969199bdccfb23d94d59f785f5caa3d\">\n#top .av-special-heading.av-l1a8a0dq-8969199bdccfb23d94d59f785f5caa3d{\npadding-bottom:10px;\n}\nbody .av-special-heading.av-l1a8a0dq-8969199bdccfb23d94d59f785f5caa3d .av-special-heading-tag .heading-char{\nfont-size:25px;\n}\n.av-special-heading.av-l1a8a0dq-8969199bdccfb23d94d59f785f5caa3d .av-subheading{\nfont-size:18px;\n}\n<\/style>\n<div  class='av-special-heading av-l1a8a0dq-8969199bdccfb23d94d59f785f5caa3d av-special-heading-h2 blockquote modern-quote  avia-builder-el-2  el_before_av_textblock  avia-builder-el-first  av-thin-font'><h2 class='av-special-heading-tag'  itemprop=\"headline\"  ><strong>\u00dcber das Unternehmen<\/strong><\/h2><div class='av-subheading av-subheading_below'><p><span style=\"color: #fa7900;font-weight:bold; font-size:18px;\">Wir stellen die Weichen f\u00fcr zukunftsorientierte L\u00f6sungen im Bereich der Produktionsautomatisierung.<\/span><\/p>\n<\/div><div class=\"special-heading-border\"><div class=\"special-heading-inner-border\"><\/div><\/div><\/div><br \/>\n\n<style type=\"text\/css\" data-created_by=\"avia_inline_auto\" id=\"style-css-av-l1a8b4ac-fdd943a60a5a423fd559981e7bb205e5\">\n#top .av_textblock_section.av-l1a8b4ac-fdd943a60a5a423fd559981e7bb205e5 .avia_textblock{\ncolor:#0a0a0a;\ntext-align:justify;\n}\n<\/style>\n<section  class='av_textblock_section av-l1a8b4ac-fdd943a60a5a423fd559981e7bb205e5'  itemscope=\"itemscope\" itemtype=\"https:\/\/schema.org\/CreativeWork\" ><div class='avia_textblock av_inherit_color'  itemprop=\"text\" ><p>Seit 25 Jahren entwickeln wir technologische L\u00f6sungen und produzieren Ger\u00e4te, Maschinen und Produktionsanlagen f\u00fcr die Industrie.  Wir bieten umfassende L\u00f6sungen: vom Konzept, \u00fcber Design und Implementierung, \u00fcber Inbetriebnahme, Optimierung des Produktionsprozesses und Systemlieferung bis hin zu Wartungs- und Servicearbeiten. Wir achten auf hohe Standards in Bezug auf Sicherheit, Langlebigkeit und Qualit\u00e4t. Effizienz, Innovation und Vollst\u00e4ndigkeit sind die Hauptidee unseres Angebots f\u00fcr Kunden aus aller Welt.<\/p>\n<\/div><\/section><\/p><\/div><div class='flex_column av-12nh0e-926fcfe9aff1b5d14659ef9ba7b6540f av_one_full  avia-builder-el-4  el_after_av_one_full  el_before_av_one_full  first flex_column_div column-top-margin'   ><p>\n<style type=\"text\/css\" data-created_by=\"avia_inline_auto\" id=\"style-css-av-l1a8crc3-8bf1d7a91dd3a5d2d0ce63804a62bc5d\">\n#top .av-special-heading.av-l1a8crc3-8bf1d7a91dd3a5d2d0ce63804a62bc5d{\npadding-bottom:10px;\n}\nbody .av-special-heading.av-l1a8crc3-8bf1d7a91dd3a5d2d0ce63804a62bc5d .av-special-heading-tag .heading-char{\nfont-size:25px;\n}\n.av-special-heading.av-l1a8crc3-8bf1d7a91dd3a5d2d0ce63804a62bc5d .av-subheading{\nfont-size:18px;\n}\n<\/style>\n<div  class='av-special-heading av-l1a8crc3-8bf1d7a91dd3a5d2d0ce63804a62bc5d av-special-heading-h2 blockquote modern-quote  avia-builder-el-5  el_before_av_textblock  avia-builder-el-first  av-thin-font'><h2 class='av-special-heading-tag'  itemprop=\"headline\"  ><strong>Wie arbeiten wir?<\/strong><\/h2><div class='av-subheading av-subheading_below'><p><span style=\"color: #fa7900;font-weight:bold; font-size:18px;\">Was ist Automatisierung und Robotik in der Praxis?<\/span><\/p>\n<\/div><div class=\"special-heading-border\"><div class=\"special-heading-inner-border\"><\/div><\/div><\/div><br \/>\n\n<style type=\"text\/css\" data-created_by=\"avia_inline_auto\" id=\"style-css-av-l1a8d1w1-60851670c58b8ae3b57d9e33796154b5\">\n#top .av_textblock_section.av-l1a8d1w1-60851670c58b8ae3b57d9e33796154b5 .avia_textblock{\ncolor:#0a0a0a;\ntext-align:justify;\n}\n<\/style>\n<section  class='av_textblock_section av-l1a8d1w1-60851670c58b8ae3b57d9e33796154b5'  itemscope=\"itemscope\" itemtype=\"https:\/\/schema.org\/CreativeWork\" ><div class='avia_textblock av_inherit_color'  itemprop=\"text\" ><p>Das sind moderne Systeme, die helfen, die Arbeit in vielen globalen Industrien zu optimieren. Ist Automatisierung und Robotik schwer umzusetzen? Bei ASKLA orientieren wir uns umfassend an Effizienz und Innovation. ASKLA L\u00f6sungen erm\u00f6glichen die Reduzierung von Service- und Produktionskosten bei gleichzeitiger Effizienzsteigerung. Ein Meilenstein in der Entwicklung Ihres Unternehmens ist ein weiteres Projekt, das aus Leidenschaft geboren wurde und von 25 Jahren Erfahrung in der Branche getragen wird. ASKLA unterst\u00fctzt Sie vom Konzept \u00fcber Design und Implementierung bis hin zur Installation und Optimierung sowie Wartungs- und Servicearbeiten weltweit.<\/p>\n<\/div><\/section><\/p><\/div><div class='flex_column av-x7gom-dc907c4fdb09af14b06bbcb235f7064d av_one_full  avia-builder-el-7  el_after_av_one_full  avia-builder-el-last  first flex_column_div column-top-margin'   ><div  id=\"avia-timeline-1\"  class='avia-timeline-container av-l1a8l0fp-e1d5f9a04d02474a6cf77499eb0318a0  avia-builder-el-8  avia-builder-el-no-sibling ' ><ul class='avia-timeline avia-timeline-vertical av-milestone-placement-left avia-timeline-boxshadow avia_animate_when_almost_visible avia-timeline-animate'>\n<li  class='av-milestone av-l1a8jy9v-d33a929acf14296555c2a7d4ec8ca000 av-animated-generic fade-in av-milestone-valign-baseline av-milestone-odd'><h2 class='av-milestone-date ' id='milestone-konzept'><strong>Konzept<span class='av-milestone-indicator'><\/span><\/strong><\/h2><div class=\"av-milestone-icon-wrap\"><span class='av-milestone-icon milestone_icon avia-font-entypo-fontello'><span class='av-milestone-icon-inner milestone_inner'><i class='milestone-char' aria-hidden='true' data-av_icon='\ue877' data-av_iconfont='entypo-fontello'><\/i><\/span><\/span><\/div><article class='av-milestone-content-wrap'><div class='av-milestone-contentbox'><header class=\"entry-content-header\"><h4 class='av-milestone-title '><span style=\"color: #fa7900;\">Wir fragen uns nicht, ob es geht, sondern wie es geht!<\/span> <\/h4><\/header><div class='av-milestone-content'><p>In enger Zusammenarbeit mit dem Auftraggeber schl\u00e4gt ASKLA die technisch und wirtschaftlich besten L\u00f6sungen vor. An dem Konzept arbeitet ein Team von ASKLA-Spezialisten, das f\u00fcr die Konstruktion von Maschinen, die Planung des Verlaufs technologischer Linien und die Optimierung von Produktionsprozessen verantwortlich ist. Um die Kommunikation zu erleichtern, steht dem Kunden in allen Phasen des Projekts ein Projektingenieur zur Verf\u00fcgung, der alle notwendigen Informationen bereitstellt.<\/p>\n<\/div><\/div><footer class='av-milestone-article-footer entry-footer'><\/footer><\/article><\/li>\n<li  class='av-milestone av-l1a8jy9v-afb94cc33c4ad50338be7787cf1026aa av-animated-generic fade-in av-milestone-valign-baseline av-milestone-even'><h2 class='av-milestone-date ' id='milestone-produktion'><strong>Produktion<span class='av-milestone-indicator'><\/span><\/strong><\/h2><div class=\"av-milestone-icon-wrap\"><span class='av-milestone-icon milestone_icon avia-font-entypo-fontello'><span class='av-milestone-icon-inner milestone_inner'><i class='milestone-char' aria-hidden='true' data-av_icon='\ue877' data-av_iconfont='entypo-fontello'><\/i><\/span><\/span><\/div><article class='av-milestone-content-wrap'><div class='av-milestone-contentbox'><header class=\"entry-content-header\"><h4 class='av-milestone-title '><span style=\"color: #fa7900;\">Bei ASKLA nutzen wir einen modernen und umfangreichen Maschinenpark.<\/span><\/h4><\/header><div class='av-milestone-content'><p>Innovative Verarbeitungstechniken und hochqualifizierte Mitarbeiter sichern einen hohen Fertigungsstandard von Komponenten und Baugruppen.<\/p>\n<\/div><\/div><footer class='av-milestone-article-footer entry-footer'><\/footer><\/article><\/li>\n<li  class='av-milestone av-l1a8jy9v-8c9e4af79ea49cc57e0a64a0e1683453 av-animated-generic fade-in av-milestone-valign-baseline av-milestone-odd'><h2 class='av-milestone-date ' id='milestone-installation'><strong>Installation<span class='av-milestone-indicator'><\/span><\/strong><\/h2><div class=\"av-milestone-icon-wrap\"><span class='av-milestone-icon milestone_icon avia-font-entypo-fontello'><span class='av-milestone-icon-inner milestone_inner'><i class='milestone-char' aria-hidden='true' data-av_icon='\ue877' data-av_iconfont='entypo-fontello'><\/i><\/span><\/span><\/div><article class='av-milestone-content-wrap'><div class='av-milestone-contentbox'><header class=\"entry-content-header\"><h4 class='av-milestone-title '><span style=\"color: #fa7900;\">Nach der Erstellung der einzelnen Komponenten beginnt die Montagearbeit.<\/span><\/h4><\/header><div class='av-milestone-content'><p>Anschlie\u00dfend wird nach erfolgreicher interner Vorinbetriebnahme die Produktionslinie oder Maschine in k\u00fcrzester Zeit in Module zerlegt, transportiert und beim Kunden vor Ort wieder aufgebaut.<\/p>\n<\/div><\/div><footer class='av-milestone-article-footer entry-footer'><\/footer><\/article><\/li>\n<li  class='av-milestone av-l1a8jy9v-402a50f3679ac0021867b227daa955dc av-animated-generic fade-in av-milestone-valign-baseline av-milestone-even'><h2 class='av-milestone-date ' id='milestone-tests'><strong>Tests<span class='av-milestone-indicator'><\/span><\/strong><\/h2><div class=\"av-milestone-icon-wrap\"><span class='av-milestone-icon milestone_icon avia-font-entypo-fontello'><span class='av-milestone-icon-inner milestone_inner'><i class='milestone-char' aria-hidden='true' data-av_icon='\ue877' data-av_iconfont='entypo-fontello'><\/i><\/span><\/span><\/div><article class='av-milestone-content-wrap'><div class='av-milestone-contentbox'><header class=\"entry-content-header\"><h4 class='av-milestone-title '><span style=\"color: #fa7900;\">Woher wissen wir, dass die von ASKLA vorgeschlagenen L\u00f6sungen zuverl\u00e4ssig sind? Wir testen sie!<\/span><\/h4><\/header><div class='av-milestone-content'><p>Bereits w\u00e4hrend der Montage werden weitere Elemente auf Funktionalit\u00e4t gepr\u00fcft. Nach Abschluss der Montage der Komponenten wird die Korrektheit aller Funktionen und Abl\u00e4ufe des Systems noch einmal von qualifizierten ASKLA-Mitarbeitern gepr\u00fcft. Dann wird eine Probeproduktion gestartet.<\/p>\n<\/div><\/div><footer class='av-milestone-article-footer entry-footer'><\/footer><\/article><\/li>\n<li  class='av-milestone av-l1a8jy9v-197269810ed7d8652e719f2c73290b0d av-animated-generic fade-in av-milestone-valign-baseline av-milestone-odd'><h2 class='av-milestone-date ' id='milestone-ferngesteuerter-start'><strong>Ferngesteuerter Start<span class='av-milestone-indicator'><\/span><\/strong><\/h2><div class=\"av-milestone-icon-wrap\"><span class='av-milestone-icon milestone_icon avia-font-entypo-fontello'><span class='av-milestone-icon-inner milestone_inner'><i class='milestone-char' aria-hidden='true' data-av_icon='\ue877' data-av_iconfont='entypo-fontello'><\/i><\/span><\/span><\/div><article class='av-milestone-content-wrap'><div class='av-milestone-contentbox'><header class=\"entry-content-header\"><h4 class='av-milestone-title '><span style=\"color: #fa7900;\">Wir bei ASKLA wissen, dass Zeit kostbar ist!<\/span><\/h4><\/header><div class='av-milestone-content'><p>Das von uns erstellte System wird zun\u00e4chst an einem virtuellen Modell gestartet. Dadurch erfolgt die Aktivierung von Maschinen und Anlagen schnell und zuverl\u00e4ssig. Die abschlie\u00dfende erfolgreiche Inbetriebnahme erfolgt bereits beim Kunden vor Ort.<\/p>\n<\/div><\/div><footer class='av-milestone-article-footer entry-footer'><\/footer><\/article><\/li>\n<li  class='av-milestone av-l1a8jy9v-915f5f0e9cd7cffc3d6052e05cfdf648 av-animated-generic fade-in av-milestone-valign-baseline av-milestone-even'><h2 class='av-milestone-date ' id='milestone-service'><strong>Service<span class='av-milestone-indicator'><\/span><\/strong><\/h2><div class=\"av-milestone-icon-wrap\"><span class='av-milestone-icon milestone_icon avia-font-entypo-fontello'><span class='av-milestone-icon-inner milestone_inner'><i class='milestone-char' aria-hidden='true' data-av_icon='\ue877' data-av_iconfont='entypo-fontello'><\/i><\/span><\/span><\/div><article class='av-milestone-content-wrap'><div class='av-milestone-contentbox'><header class=\"entry-content-header\"><h4 class='av-milestone-title '><span style=\"color: #fa7900;\">Das ASKLA-Team teilt gerne Wissen und Erfahrung, damit der Einsatz innovativer Systeme die Industrie-, Bau-, Automobil- und andere Branchen effektiv unterst\u00fctzt.<\/span><\/h4><\/header><div class='av-milestone-content'><p>Teil der Arbeit von ASKLA ist eine umfassende Schulung in Bedienung und Wartung der f\u00fcr den Anwender notwendigen Ger\u00e4te bei der Inbetriebnahme beim Kunden vor Ort. Dar\u00fcber hinaus garantiert ASKLA Service- und Wartungsarbeiten, Beratung, Notfallhilfe und Ersatzteilversorgung.<\/p>\n<\/div><\/div><footer class='av-milestone-article-footer entry-footer'><\/footer><\/article><\/li>\n<\/ul><\/div><\/div>\n","protected":false},"excerpt":{"rendered":"","protected":false},"author":1,"featured_media":0,"parent":0,"menu_order":0,"comment_status":"closed","ping_status":"closed","template":"","meta":{"footnotes":""},"class_list":["post-1434","page","type-page","status-publish","hentry"],"_links":{"self":[{"href":"https:\/\/askla.pl\/de\/wp-json\/wp\/v2\/pages\/1434","targetHints":{"allow":["GET"]}}],"collection":[{"href":"https:\/\/askla.pl\/de\/wp-json\/wp\/v2\/pages"}],"about":[{"href":"https:\/\/askla.pl\/de\/wp-json\/wp\/v2\/types\/page"}],"author":[{"embeddable":true,"href":"https:\/\/askla.pl\/de\/wp-json\/wp\/v2\/users\/1"}],"replies":[{"embeddable":true,"href":"https:\/\/askla.pl\/de\/wp-json\/wp\/v2\/comments?post=1434"}],"version-history":[{"count":6,"href":"https:\/\/askla.pl\/de\/wp-json\/wp\/v2\/pages\/1434\/revisions"}],"predecessor-version":[{"id":1607,"href":"https:\/\/askla.pl\/de\/wp-json\/wp\/v2\/pages\/1434\/revisions\/1607"}],"wp:attachment":[{"href":"https:\/\/askla.pl\/de\/wp-json\/wp\/v2\/media?parent=1434"}],"curies":[{"name":"wp","href":"https:\/\/api.w.org\/{rel}","templated":true}]}}