{"id":1450,"date":"2022-04-04T08:02:50","date_gmt":"2022-04-04T06:02:50","guid":{"rendered":"https:\/\/askla.pl\/qualitat\/"},"modified":"2023-09-11T11:13:28","modified_gmt":"2023-09-11T09:13:28","slug":"qualitat","status":"publish","type":"page","link":"https:\/\/askla.pl\/de\/qualitat\/","title":{"rendered":"Qualit\u00e4t"},"content":{"rendered":"\n<style type=\"text\/css\" data-created_by=\"avia_inline_auto\" id=\"style-css-av-uqr7a-18f8d9ded99c9a39113cf18669b64af0\">\n.avia-section.av-uqr7a-18f8d9ded99c9a39113cf18669b64af0{\nbackground-color:#ffffff;\n}\n<\/style>\n<div id='av_section_1'  class='avia-section av-uqr7a-18f8d9ded99c9a39113cf18669b64af0 main_color avia-section-default avia-no-border-styling  avia-builder-el-0  avia-builder-el-no-sibling  avia-bg-style-scroll container_wrap fullsize'  ><div class='container av-section-cont-open' ><main  role=\"main\" itemprop=\"mainContentOfPage\"  class='template-page content  av-content-full alpha units'><div class='post-entry post-entry-type-page post-entry-1450'><div class='entry-content-wrapper clearfix'>\n<div class='flex_column av-qp1ty-919598a6bcb97bca257ecc51adb7b1b3 av_one_full  avia-builder-el-1  el_before_av_one_full  avia-builder-el-first  first flex_column_div '   ><p>\n<style type=\"text\/css\" data-created_by=\"avia_inline_auto\" id=\"style-css-av-m5duu-4ef375efa708ab07b96690b7bc225e41\">\n#top .av-special-heading.av-m5duu-4ef375efa708ab07b96690b7bc225e41{\npadding-bottom:10px;\n}\nbody .av-special-heading.av-m5duu-4ef375efa708ab07b96690b7bc225e41 .av-special-heading-tag .heading-char{\nfont-size:25px;\n}\n.av-special-heading.av-m5duu-4ef375efa708ab07b96690b7bc225e41 .av-subheading{\nfont-size:15px;\n}\n<\/style>\n<div  class='av-special-heading av-m5duu-4ef375efa708ab07b96690b7bc225e41 av-special-heading-h2 blockquote modern-quote  avia-builder-el-2  el_before_av_textblock  avia-builder-el-first  av-thin-font'><h2 class='av-special-heading-tag'  itemprop=\"headline\"  ><strong>Qualit\u00e4t<\/strong><\/h2><div class=\"special-heading-border\"><div class=\"special-heading-inner-border\"><\/div><\/div><\/div><br \/>\n\n<style type=\"text\/css\" data-created_by=\"avia_inline_auto\" id=\"style-css-av-h3jk6-b722e1a9136a3ed6bee55a2262e6833a\">\n#top .av_textblock_section.av-h3jk6-b722e1a9136a3ed6bee55a2262e6833a .avia_textblock{\ncolor:#0a0a0a;\ntext-align:justify;\n}\n<\/style>\n<section  class='av_textblock_section av-h3jk6-b722e1a9136a3ed6bee55a2262e6833a'  itemscope=\"itemscope\" itemtype=\"https:\/\/schema.org\/CreativeWork\" ><div class='avia_textblock av_inherit_color'  itemprop=\"text\" ><p>Bei ASKLA setzen wir auf nachhaltige Entwicklung und effizientes Management. Dies gelingt uns durch ein integriertes Managementsystem und die B\u00fcndelung von Ressourcen.<br \/>\nGleichzeitig \u00fcbernimmt das ASKLA-Team Verantwortung und setzt auf vertrauensvolle Partnerschaften, sowohl im Umgang mit Kunden, Mitarbeitern als auch Gesch\u00e4ftspartnern. Die zuverl\u00e4ssige Qualit\u00e4t von ASKLA wird durch eine Reihe von Zertifikaten best\u00e4tigt, die garantieren, dass die Anforderungen von Kunden aus aller Welt erf\u00fcllt werden.<\/p>\n<p><strong>ISO 9001<\/strong>:<strong> 2015<\/strong> Die internationale Norm ist der Ausgangspunkt f\u00fcr ASKLA Qualit\u00e4t durch Qualit\u00e4t und Verbesserung der Verfahren. Das Zertifikat best\u00e4tigt die Transparenz der Aktivit\u00e4ten von ASKLA rund um den Verkauf, die Entwicklung und die Produktion von Maschinen und Produktionsmitteln bei gleichzeitiger Sicherstellung der st\u00e4ndigen Verbesserung der Leistungen des Unternehmens.<br \/>\n<strong>ISO 14001<\/strong>: <strong>2015<\/strong> Diese Zertifizierung ist ein wesentlicher Baustein f\u00fcr den Markterfolg von ASKLA. Ein zertifiziertes Umweltmanagementsystem erm\u00f6glicht uns einen verantwortungsvollen und effizienten Umgang mit Ressourcen.<br \/>\n<strong>ISO 45001: 2018<\/strong> Internationaler Standard f\u00fcr ein Arbeitsschutzmanagementsystem<\/p>\n<\/div><\/section><\/p><\/div><div class='flex_column av-af1dq-ba380ce760bb99a22f276102ec2de8e3 av_one_full  avia-builder-el-4  el_after_av_one_full  avia-builder-el-last  first flex_column_div column-top-margin'   ><style type=\"text\/css\" data-created_by=\"avia_inline_auto\" id=\"style-css-av-l1kb4yj0-9ff27a2011205e059d5f11b4704f5ef2\">\n#top .av-masonry.av-l1kb4yj0-9ff27a2011205e059d5f11b4704f5ef2{\nbackground-color:#ffffff;\n}\n<\/style>\n<div id='av-masonry-1' class='av-masonry av-l1kb4yj0-9ff27a2011205e059d5f11b4704f5ef2 noHover av-flex-size av-large-gap av-hover-overlay- av-masonry-animation-active av-masonry-col-4 av-caption-always av-caption-style- av-masonry-gallery '><div class=\"av-masonry-container isotope av-js-disabled\"><div class='av-masonry-entry isotope-item av-masonry-item-no-image '><\/div><a href=\"https:\/\/askla.pl\/wp-content\/uploads\/2022\/10\/3EDEE02022100104118Zert_pl-740x1030.jpg\" data-srcset=\"https:\/\/askla.pl\/wp-content\/uploads\/2022\/10\/3EDEE02022100104118Zert_pl-740x1030.jpg 740w, https:\/\/askla.pl\/wp-content\/uploads\/2022\/10\/3EDEE02022100104118Zert_pl-216x300.jpg 216w, https:\/\/askla.pl\/wp-content\/uploads\/2022\/10\/3EDEE02022100104118Zert_pl-768x1069.jpg 768w, https:\/\/askla.pl\/wp-content\/uploads\/2022\/10\/3EDEE02022100104118Zert_pl-506x705.jpg 506w, https:\/\/askla.pl\/wp-content\/uploads\/2022\/10\/3EDEE02022100104118Zert_pl.jpg 862w\" data-sizes=\"(max-width: 740px) 100vw, 740px\"  aria-label=\"Bild 3EDEE02022100104118Zert_pl\"  id='av-masonry-1-item-1658' data-av-masonry-item='1658' class='av-masonry-entry isotope-item post-1658 attachment type-attachment status-inherit hentry  av-masonry-item-with-image' title=\"3EDEE02022100104118Zert_pl\" alt=\"\"   itemprop=\"thumbnailUrl\" ><div class='av-inner-masonry-sizer'><\/div><figure class='av-inner-masonry main_color'><div class=\"av-masonry-outerimage-container\"><div class='av-masonry-image-container'   ><img decoding=\"async\" width=\"862\" height=\"1200\" class=\"wp-image-1658 avia-img-lazy-loading-not-1658\"  src=\"https:\/\/askla.pl\/wp-content\/uploads\/2022\/10\/3EDEE02022100104118Zert_pl.jpg\" title=\"3EDEE02022100104118Zert_pl\" alt=\"\" srcset=\"https:\/\/askla.pl\/wp-content\/uploads\/2022\/10\/3EDEE02022100104118Zert_pl.jpg 862w, https:\/\/askla.pl\/wp-content\/uploads\/2022\/10\/3EDEE02022100104118Zert_pl-216x300.jpg 216w, https:\/\/askla.pl\/wp-content\/uploads\/2022\/10\/3EDEE02022100104118Zert_pl-740x1030.jpg 740w, https:\/\/askla.pl\/wp-content\/uploads\/2022\/10\/3EDEE02022100104118Zert_pl-768x1069.jpg 768w, https:\/\/askla.pl\/wp-content\/uploads\/2022\/10\/3EDEE02022100104118Zert_pl-506x705.jpg 506w\" sizes=\"(max-width: 862px) 100vw, 862px\" \/><\/div><\/div><\/figure><\/a><!--end av-masonry entry--><a href=\"https:\/\/askla.pl\/wp-content\/uploads\/2022\/10\/3EDEE02022100104118Zert_en-740x1030.jpg\" data-srcset=\"https:\/\/askla.pl\/wp-content\/uploads\/2022\/10\/3EDEE02022100104118Zert_en-740x1030.jpg 740w, https:\/\/askla.pl\/wp-content\/uploads\/2022\/10\/3EDEE02022100104118Zert_en-216x300.jpg 216w, https:\/\/askla.pl\/wp-content\/uploads\/2022\/10\/3EDEE02022100104118Zert_en-768x1069.jpg 768w, https:\/\/askla.pl\/wp-content\/uploads\/2022\/10\/3EDEE02022100104118Zert_en-506x705.jpg 506w, https:\/\/askla.pl\/wp-content\/uploads\/2022\/10\/3EDEE02022100104118Zert_en.jpg 862w\" data-sizes=\"(max-width: 740px) 100vw, 740px\"  aria-label=\"Bild 3EDEE02022100104118Zert_en\"  id='av-masonry-1-item-1655' data-av-masonry-item='1655' class='av-masonry-entry isotope-item post-1655 attachment type-attachment status-inherit hentry  av-masonry-item-with-image' title=\"3EDEE02022100104118Zert_en\" alt=\"\"   itemprop=\"thumbnailUrl\" ><div class='av-inner-masonry-sizer'><\/div><figure class='av-inner-masonry main_color'><div class=\"av-masonry-outerimage-container\"><div class='av-masonry-image-container'   ><img decoding=\"async\" width=\"862\" height=\"1200\" class=\"wp-image-1655 avia-img-lazy-loading-not-1655\"  src=\"https:\/\/askla.pl\/wp-content\/uploads\/2022\/10\/3EDEE02022100104118Zert_en.jpg\" title=\"3EDEE02022100104118Zert_en\" alt=\"\" srcset=\"https:\/\/askla.pl\/wp-content\/uploads\/2022\/10\/3EDEE02022100104118Zert_en.jpg 862w, https:\/\/askla.pl\/wp-content\/uploads\/2022\/10\/3EDEE02022100104118Zert_en-216x300.jpg 216w, https:\/\/askla.pl\/wp-content\/uploads\/2022\/10\/3EDEE02022100104118Zert_en-740x1030.jpg 740w, https:\/\/askla.pl\/wp-content\/uploads\/2022\/10\/3EDEE02022100104118Zert_en-768x1069.jpg 768w, https:\/\/askla.pl\/wp-content\/uploads\/2022\/10\/3EDEE02022100104118Zert_en-506x705.jpg 506w\" sizes=\"(max-width: 862px) 100vw, 862px\" \/><\/div><\/div><\/figure><\/a><!--end av-masonry entry--><\/div><\/div><\/div>\n","protected":false},"excerpt":{"rendered":"","protected":false},"author":1,"featured_media":0,"parent":0,"menu_order":0,"comment_status":"closed","ping_status":"closed","template":"","meta":{"footnotes":""},"class_list":["post-1450","page","type-page","status-publish","hentry"],"_links":{"self":[{"href":"https:\/\/askla.pl\/de\/wp-json\/wp\/v2\/pages\/1450","targetHints":{"allow":["GET"]}}],"collection":[{"href":"https:\/\/askla.pl\/de\/wp-json\/wp\/v2\/pages"}],"about":[{"href":"https:\/\/askla.pl\/de\/wp-json\/wp\/v2\/types\/page"}],"author":[{"embeddable":true,"href":"https:\/\/askla.pl\/de\/wp-json\/wp\/v2\/users\/1"}],"replies":[{"embeddable":true,"href":"https:\/\/askla.pl\/de\/wp-json\/wp\/v2\/comments?post=1450"}],"version-history":[{"count":3,"href":"https:\/\/askla.pl\/de\/wp-json\/wp\/v2\/pages\/1450\/revisions"}],"predecessor-version":[{"id":1724,"href":"https:\/\/askla.pl\/de\/wp-json\/wp\/v2\/pages\/1450\/revisions\/1724"}],"wp:attachment":[{"href":"https:\/\/askla.pl\/de\/wp-json\/wp\/v2\/media?parent=1450"}],"curies":[{"name":"wp","href":"https:\/\/api.w.org\/{rel}","templated":true}]}}