{"id":1459,"date":"2022-03-14T04:25:41","date_gmt":"2022-03-14T03:25:41","guid":{"rendered":"https:\/\/askla.pl\/przemysl-motoryzacyjny\/"},"modified":"2022-08-25T06:20:13","modified_gmt":"2022-08-25T04:20:13","slug":"automobilindustrie","status":"publish","type":"page","link":"https:\/\/askla.pl\/de\/automobilindustrie\/","title":{"rendered":"Automobilindustrie"},"content":{"rendered":"<div id='av-layout-grid-1'  class='av-layout-grid-container av-l0q5eves-1e5add8378e600724a7742f4ea480060 entry-content-wrapper main_color av-flex-cells  avia-builder-el-0  el_before_av_section  avia-builder-el-first   container_wrap fullsize'  >\n\n<style type=\"text\/css\" data-created_by=\"avia_inline_auto\" id=\"style-css-av-l0q5dgm5-cd0b699ce1c56ed9e385a1576d253eff\">\n.flex_cell.av-l0q5dgm5-cd0b699ce1c56ed9e385a1576d253eff{\nvertical-align:middle;\n}\n<\/style>\n<div class='flex_cell av_two_third av-l0q5dgm5-cd0b699ce1c56ed9e385a1576d253eff no_margin  avia-builder-el-1  el_before_av_cell_one_third  avia-builder-el-first ' ><div class='flex_cell_inner'><p>\n<style type=\"text\/css\" data-created_by=\"avia_inline_auto\" id=\"style-css-av-l0q5rg83-42315b3e022376afdebf216667166e7e\">\n#top .av-special-heading.av-l0q5rg83-42315b3e022376afdebf216667166e7e{\npadding-bottom:10px;\n}\nbody .av-special-heading.av-l0q5rg83-42315b3e022376afdebf216667166e7e .av-special-heading-tag .heading-char{\nfont-size:25px;\n}\n.av-special-heading.av-l0q5rg83-42315b3e022376afdebf216667166e7e .av-subheading{\nfont-size:15px;\n}\n<\/style>\n<div  class='av-special-heading av-l0q5rg83-42315b3e022376afdebf216667166e7e av-special-heading-h2 blockquote modern-quote  avia-builder-el-2  el_before_av_textblock  avia-builder-el-first  av-thin-font'><h2 class='av-special-heading-tag'  itemprop=\"headline\"  ><strong>Automobilindustrie<\/strong><\/h2><div class=\"special-heading-border\"><div class=\"special-heading-inner-border\"><\/div><\/div><\/div><br \/>\n\n<style type=\"text\/css\" data-created_by=\"avia_inline_auto\" id=\"style-css-av-cwlqk-a5b18cd61ac54506d7bda358a170073a\">\n#top .av_textblock_section.av-cwlqk-a5b18cd61ac54506d7bda358a170073a .avia_textblock{\ntext-align:justify;\n}\n<\/style>\n<section  class='av_textblock_section av-cwlqk-a5b18cd61ac54506d7bda358a170073a'  itemscope=\"itemscope\" itemtype=\"https:\/\/schema.org\/CreativeWork\" ><div class='avia_textblock'  itemprop=\"text\" ><p>Die Automobilindustrie in Polen und in der Welt ist sehr dynamisch und erfordert von den Automobilherstellern eine au\u00dfergew\u00f6hnliche Flexibilit\u00e4t. Als Antwort auf den wachsenden Wettbewerb in der Automobilindustrie weltweit kombiniert das Unternehmen ASKLA intelligente Produktionsanlagen mit flexiblen Logistiksystemen.<\/p>\n<\/div><\/section><\/p>\n<\/div><\/div>\n<style type=\"text\/css\" data-created_by=\"avia_inline_auto\" id=\"style-css-av-7uc0c-0bbf70e21723080e641c930532473750\">\n.flex_cell.av-7uc0c-0bbf70e21723080e641c930532473750{\nvertical-align:top;\n}\n<\/style>\n<div class='flex_cell av_one_third av-7uc0c-0bbf70e21723080e641c930532473750 no_margin  avia-builder-el-4  el_after_av_cell_two_third  avia-builder-el-last ' ><div class='flex_cell_inner'>\n<style type=\"text\/css\" data-created_by=\"avia_inline_auto\" id=\"style-css-av-l0q5cxs0-52ae6c9a81288086f8d8dfc3653d66d4\">\n.avia-image-container.av-l0q5cxs0-52ae6c9a81288086f8d8dfc3653d66d4 .av-image-caption-overlay-center{\ncolor:#ffffff;\n}\n<\/style>\n<div  class='avia-image-container av-l0q5cxs0-52ae6c9a81288086f8d8dfc3653d66d4 av-styling- av-hover-grow av-hide-overflow avia-align-center  avia-builder-el-5  avia-builder-el-no-sibling '  itemprop=\"image\" itemscope=\"itemscope\" itemtype=\"https:\/\/schema.org\/ImageObject\" ><div class=\"avia-image-container-inner\"><div class=\"avia-image-overlay-wrap\"><img loading=\"lazy\" decoding=\"async\" class='wp-image-1302 avia-img-lazy-loading-1302 avia_image' src=\"https:\/\/askla.pl\/wp-content\/uploads\/2022\/04\/maszyna-do-produkcji-aluminiowych-elementow-samochodowych-3.jpg\" alt='' title='Maszyna do produkcji aluminiowych element\u00f3w samochodowych'  height=\"800\" width=\"1200\"  itemprop=\"thumbnailUrl\" srcset=\"https:\/\/askla.pl\/wp-content\/uploads\/2022\/04\/maszyna-do-produkcji-aluminiowych-elementow-samochodowych-3.jpg 1200w, https:\/\/askla.pl\/wp-content\/uploads\/2022\/04\/maszyna-do-produkcji-aluminiowych-elementow-samochodowych-3-300x200.jpg 300w, https:\/\/askla.pl\/wp-content\/uploads\/2022\/04\/maszyna-do-produkcji-aluminiowych-elementow-samochodowych-3-1030x687.jpg 1030w, https:\/\/askla.pl\/wp-content\/uploads\/2022\/04\/maszyna-do-produkcji-aluminiowych-elementow-samochodowych-3-768x512.jpg 768w, https:\/\/askla.pl\/wp-content\/uploads\/2022\/04\/maszyna-do-produkcji-aluminiowych-elementow-samochodowych-3-705x470.jpg 705w\" sizes=\"auto, (max-width: 1200px) 100vw, 1200px\" \/><\/div><\/div><\/div>\n<\/div><\/div>\n<\/div>\n\n<style type=\"text\/css\" data-created_by=\"avia_inline_auto\" id=\"style-css-av-l0q5ub8f-d8189b55b751df443c27e7d844579459\">\n.avia-section.av-l0q5ub8f-d8189b55b751df443c27e7d844579459{\nbackground-color:#f7f7f7;\n}\n<\/style>\n<div id='av_section_1'  class='avia-section av-l0q5ub8f-d8189b55b751df443c27e7d844579459 main_color avia-section-default avia-no-border-styling  avia-builder-el-6  el_after_av_layout_row  avia-builder-el-last  avia-bg-style-scroll container_wrap fullsize'  ><div class='container av-section-cont-open' ><div class='template-page content  av-content-full alpha units'><div class='post-entry post-entry-type-page post-entry-1459'><div class='entry-content-wrapper clearfix'>\n\n<style type=\"text\/css\" data-created_by=\"avia_inline_auto\" id=\"style-css-av-l0q5u2sa-3e9c58ead88504fb0d172ee6b8cbbd1a\">\n#top .av-special-heading.av-l0q5u2sa-3e9c58ead88504fb0d172ee6b8cbbd1a{\npadding-bottom:10px;\n}\nbody .av-special-heading.av-l0q5u2sa-3e9c58ead88504fb0d172ee6b8cbbd1a .av-special-heading-tag .heading-char{\nfont-size:25px;\n}\n.av-special-heading.av-l0q5u2sa-3e9c58ead88504fb0d172ee6b8cbbd1a .av-subheading{\nfont-size:15px;\n}\n<\/style>\n<div  class='av-special-heading av-l0q5u2sa-3e9c58ead88504fb0d172ee6b8cbbd1a av-special-heading-h2 blockquote modern-quote  avia-builder-el-7  el_before_av_masonry_gallery  avia-builder-el-no-sibling  av-thin-font'><h2 class='av-special-heading-tag'  itemprop=\"headline\"  ><strong>Automobilindustrie<\/h2><div class='av-subheading av-subheading_below'><p>Erkenntnisse<\/strong><\/p>\n<\/div><div class=\"special-heading-border\"><div class=\"special-heading-inner-border\"><\/div><\/div><\/div>\n<div id='av-masonry-1' class='av-masonry av-l0q62ius-d0e7952c79d87b10e37285c9cf3d3f4d noHover av-fixed-size av-large-gap av-hover-overlay-desaturation av-masonry-animation-active av-masonry-col-4 av-caption-always av-caption-style- av-masonry-gallery '><div class=\"av-masonry-container isotope av-js-disabled\"><div class='av-masonry-entry isotope-item av-masonry-item-no-image '><\/div><a href=\"https:\/\/askla.pl\/wp-content\/uploads\/2022\/04\/3-modul-zgrzewania-elementow-samochodowych-1030x814.jpg\" data-srcset=\"https:\/\/askla.pl\/wp-content\/uploads\/2022\/04\/3-modul-zgrzewania-elementow-samochodowych-1030x814.jpg 1030w, https:\/\/askla.pl\/wp-content\/uploads\/2022\/04\/3-modul-zgrzewania-elementow-samochodowych-300x237.jpg 300w, https:\/\/askla.pl\/wp-content\/uploads\/2022\/04\/3-modul-zgrzewania-elementow-samochodowych-768x607.jpg 768w, https:\/\/askla.pl\/wp-content\/uploads\/2022\/04\/3-modul-zgrzewania-elementow-samochodowych-705x557.jpg 705w, https:\/\/askla.pl\/wp-content\/uploads\/2022\/04\/3-modul-zgrzewania-elementow-samochodowych.jpg 1200w\" data-sizes=\"(max-width: 1030px) 100vw, 1030px\"  aria-label=\"Bild Modu\u0142 zgrzewania element\u00f3w samochodowych\"  id='av-masonry-1-item-1360' data-av-masonry-item='1360' class='av-masonry-entry isotope-item post-1360 attachment type-attachment status-inherit hentry  av-masonry-item-with-image' title=\"Modu\u0142 zgrzewania element\u00f3w samochodowych\" alt=\"\"   itemprop=\"thumbnailUrl\" ><div class='av-inner-masonry-sizer'><\/div><figure class='av-inner-masonry main_color'><div class=\"av-masonry-outerimage-container\"><div class='av-masonry-image-container' style=\"background-image: url(https:\/\/askla.pl\/wp-content\/uploads\/2022\/04\/3-modul-zgrzewania-elementow-samochodowych-705x557.jpg);\"  title=\"Modu\u0142 zgrzewania element\u00f3w samochodowych\"  ><\/div><\/div><\/figure><\/a><!--end av-masonry entry--><a href=\"https:\/\/askla.pl\/wp-content\/uploads\/2022\/04\/maszyna-do-produkcji-aluminiowych-elementow-samochodowych-1030x700.jpg\" data-srcset=\"https:\/\/askla.pl\/wp-content\/uploads\/2022\/04\/maszyna-do-produkcji-aluminiowych-elementow-samochodowych-1030x700.jpg 1030w, https:\/\/askla.pl\/wp-content\/uploads\/2022\/04\/maszyna-do-produkcji-aluminiowych-elementow-samochodowych-300x204.jpg 300w, https:\/\/askla.pl\/wp-content\/uploads\/2022\/04\/maszyna-do-produkcji-aluminiowych-elementow-samochodowych-768x522.jpg 768w, https:\/\/askla.pl\/wp-content\/uploads\/2022\/04\/maszyna-do-produkcji-aluminiowych-elementow-samochodowych-705x479.jpg 705w, https:\/\/askla.pl\/wp-content\/uploads\/2022\/04\/maszyna-do-produkcji-aluminiowych-elementow-samochodowych.jpg 1200w\" data-sizes=\"(max-width: 1030px) 100vw, 1030px\"  aria-label=\"Bild Maszyna do produkcji aluminiowych element\u00f3w samochodowych\"  id='av-masonry-1-item-1304' data-av-masonry-item='1304' class='av-masonry-entry isotope-item post-1304 attachment type-attachment status-inherit hentry  av-masonry-item-with-image' title=\"Maszyna do produkcji aluminiowych element\u00f3w samochodowych\" alt=\"\"   itemprop=\"thumbnailUrl\" ><div class='av-inner-masonry-sizer'><\/div><figure class='av-inner-masonry main_color'><div class=\"av-masonry-outerimage-container\"><div class='av-masonry-image-container' style=\"background-image: url(https:\/\/askla.pl\/wp-content\/uploads\/2022\/04\/maszyna-do-produkcji-aluminiowych-elementow-samochodowych-705x479.jpg);\"  title=\"Maszyna do produkcji aluminiowych element\u00f3w samochodowych\"  ><\/div><\/div><\/figure><\/a><!--end av-masonry entry--><a href=\"https:\/\/askla.pl\/wp-content\/uploads\/2022\/04\/maszyna-do-produkcji-aluminiowych-elementow-samochodowych-3-1030x687.jpg\" data-srcset=\"https:\/\/askla.pl\/wp-content\/uploads\/2022\/04\/maszyna-do-produkcji-aluminiowych-elementow-samochodowych-3-1030x687.jpg 1030w, https:\/\/askla.pl\/wp-content\/uploads\/2022\/04\/maszyna-do-produkcji-aluminiowych-elementow-samochodowych-3-300x200.jpg 300w, https:\/\/askla.pl\/wp-content\/uploads\/2022\/04\/maszyna-do-produkcji-aluminiowych-elementow-samochodowych-3-768x512.jpg 768w, https:\/\/askla.pl\/wp-content\/uploads\/2022\/04\/maszyna-do-produkcji-aluminiowych-elementow-samochodowych-3-705x470.jpg 705w, https:\/\/askla.pl\/wp-content\/uploads\/2022\/04\/maszyna-do-produkcji-aluminiowych-elementow-samochodowych-3.jpg 1200w\" data-sizes=\"(max-width: 1030px) 100vw, 1030px\"  aria-label=\"Bild Maszyna do produkcji aluminiowych element\u00f3w samochodowych\"  id='av-masonry-1-item-1302' data-av-masonry-item='1302' class='av-masonry-entry isotope-item post-1302 attachment type-attachment status-inherit hentry  av-masonry-item-with-image' title=\"Maszyna do produkcji aluminiowych element\u00f3w samochodowych\" alt=\"\"   itemprop=\"thumbnailUrl\" ><div class='av-inner-masonry-sizer'><\/div><figure class='av-inner-masonry main_color'><div class=\"av-masonry-outerimage-container\"><div class='av-masonry-image-container' style=\"background-image: url(https:\/\/askla.pl\/wp-content\/uploads\/2022\/04\/maszyna-do-produkcji-aluminiowych-elementow-samochodowych-3-705x470.jpg);\"  title=\"Maszyna do produkcji aluminiowych element\u00f3w samochodowych\"  ><\/div><\/div><\/figure><\/a><!--end av-masonry entry--><a href=\"https:\/\/askla.pl\/wp-content\/uploads\/2022\/04\/maszyna-do-produkcji-aluminiowych-elementow-samochodowych-2-687x1030.jpg\" data-srcset=\"https:\/\/askla.pl\/wp-content\/uploads\/2022\/04\/maszyna-do-produkcji-aluminiowych-elementow-samochodowych-2-687x1030.jpg 687w, https:\/\/askla.pl\/wp-content\/uploads\/2022\/04\/maszyna-do-produkcji-aluminiowych-elementow-samochodowych-2-200x300.jpg 200w, https:\/\/askla.pl\/wp-content\/uploads\/2022\/04\/maszyna-do-produkcji-aluminiowych-elementow-samochodowych-2-768x1152.jpg 768w, https:\/\/askla.pl\/wp-content\/uploads\/2022\/04\/maszyna-do-produkcji-aluminiowych-elementow-samochodowych-2-470x705.jpg 470w, https:\/\/askla.pl\/wp-content\/uploads\/2022\/04\/maszyna-do-produkcji-aluminiowych-elementow-samochodowych-2.jpg 800w\" data-sizes=\"(max-width: 687px) 100vw, 687px\"  aria-label=\"Bild Maszyna do produkcji aluminiowych element\u00f3w samochodowych\"  id='av-masonry-1-item-1300' data-av-masonry-item='1300' class='av-masonry-entry isotope-item post-1300 attachment type-attachment status-inherit hentry  av-masonry-item-with-image' title=\"Maszyna do produkcji aluminiowych element\u00f3w samochodowych\" alt=\"\"   itemprop=\"thumbnailUrl\" ><div class='av-inner-masonry-sizer'><\/div><figure class='av-inner-masonry main_color'><div class=\"av-masonry-outerimage-container\"><div class='av-masonry-image-container' style=\"background-image: url(https:\/\/askla.pl\/wp-content\/uploads\/2022\/04\/maszyna-do-produkcji-aluminiowych-elementow-samochodowych-2-470x705.jpg);\"  title=\"Maszyna do produkcji aluminiowych element\u00f3w samochodowych\"  ><\/div><\/div><\/figure><\/a><!--end av-masonry entry--><a href=\"https:\/\/askla.pl\/wp-content\/uploads\/2022\/04\/maszyna-do-zgrzewania-elementow-samochodowych-1030x687.jpg\" data-srcset=\"https:\/\/askla.pl\/wp-content\/uploads\/2022\/04\/maszyna-do-zgrzewania-elementow-samochodowych-1030x687.jpg 1030w, https:\/\/askla.pl\/wp-content\/uploads\/2022\/04\/maszyna-do-zgrzewania-elementow-samochodowych-300x200.jpg 300w, https:\/\/askla.pl\/wp-content\/uploads\/2022\/04\/maszyna-do-zgrzewania-elementow-samochodowych-768x512.jpg 768w, https:\/\/askla.pl\/wp-content\/uploads\/2022\/04\/maszyna-do-zgrzewania-elementow-samochodowych-705x470.jpg 705w, https:\/\/askla.pl\/wp-content\/uploads\/2022\/04\/maszyna-do-zgrzewania-elementow-samochodowych.jpg 1200w\" data-sizes=\"(max-width: 1030px) 100vw, 1030px\"  aria-label=\"Bild Maszyna do zgrzewania element\u00f3w samochodowych\"  id='av-masonry-1-item-1272' data-av-masonry-item='1272' class='av-masonry-entry isotope-item post-1272 attachment type-attachment status-inherit hentry  av-masonry-item-with-image' title=\"Maszyna do zgrzewania element\u00f3w samochodowych\" alt=\"\"   itemprop=\"thumbnailUrl\" ><div class='av-inner-masonry-sizer'><\/div><figure class='av-inner-masonry main_color'><div class=\"av-masonry-outerimage-container\"><div class='av-masonry-image-container' style=\"background-image: url(https:\/\/askla.pl\/wp-content\/uploads\/2022\/04\/maszyna-do-zgrzewania-elementow-samochodowych-705x470.jpg);\"  title=\"Maszyna do zgrzewania element\u00f3w samochodowych\"  ><\/div><\/div><\/figure><\/a><!--end av-masonry entry--><a href=\"https:\/\/askla.pl\/wp-content\/uploads\/2022\/04\/maszyna-do-zgrzewania-elementow-samochodowych-2-1030x687.jpg\" data-srcset=\"https:\/\/askla.pl\/wp-content\/uploads\/2022\/04\/maszyna-do-zgrzewania-elementow-samochodowych-2-1030x687.jpg 1030w, https:\/\/askla.pl\/wp-content\/uploads\/2022\/04\/maszyna-do-zgrzewania-elementow-samochodowych-2-300x200.jpg 300w, https:\/\/askla.pl\/wp-content\/uploads\/2022\/04\/maszyna-do-zgrzewania-elementow-samochodowych-2-768x512.jpg 768w, https:\/\/askla.pl\/wp-content\/uploads\/2022\/04\/maszyna-do-zgrzewania-elementow-samochodowych-2-705x470.jpg 705w, https:\/\/askla.pl\/wp-content\/uploads\/2022\/04\/maszyna-do-zgrzewania-elementow-samochodowych-2.jpg 1200w\" data-sizes=\"(max-width: 1030px) 100vw, 1030px\"  aria-label=\"Bild Maszyna do zgrzewania element\u00f3w samochodowych\"  id='av-masonry-1-item-1270' data-av-masonry-item='1270' class='av-masonry-entry isotope-item post-1270 attachment type-attachment status-inherit hentry  av-masonry-item-with-image' title=\"Maszyna do zgrzewania element\u00f3w samochodowych\" alt=\"\"   itemprop=\"thumbnailUrl\" ><div class='av-inner-masonry-sizer'><\/div><figure class='av-inner-masonry main_color'><div class=\"av-masonry-outerimage-container\"><div class='av-masonry-image-container' style=\"background-image: url(https:\/\/askla.pl\/wp-content\/uploads\/2022\/04\/maszyna-do-zgrzewania-elementow-samochodowych-2-705x470.jpg);\"  title=\"Maszyna do zgrzewania element\u00f3w samochodowych\"  ><\/div><\/div><\/figure><\/a><!--end av-masonry entry--><\/div><\/div>\n\n","protected":false},"excerpt":{"rendered":"","protected":false},"author":1,"featured_media":0,"parent":0,"menu_order":0,"comment_status":"closed","ping_status":"closed","template":"","meta":{"footnotes":""},"class_list":["post-1459","page","type-page","status-publish","hentry"],"_links":{"self":[{"href":"https:\/\/askla.pl\/de\/wp-json\/wp\/v2\/pages\/1459","targetHints":{"allow":["GET"]}}],"collection":[{"href":"https:\/\/askla.pl\/de\/wp-json\/wp\/v2\/pages"}],"about":[{"href":"https:\/\/askla.pl\/de\/wp-json\/wp\/v2\/types\/page"}],"author":[{"embeddable":true,"href":"https:\/\/askla.pl\/de\/wp-json\/wp\/v2\/users\/1"}],"replies":[{"embeddable":true,"href":"https:\/\/askla.pl\/de\/wp-json\/wp\/v2\/comments?post=1459"}],"version-history":[{"count":3,"href":"https:\/\/askla.pl\/de\/wp-json\/wp\/v2\/pages\/1459\/revisions"}],"predecessor-version":[{"id":1611,"href":"https:\/\/askla.pl\/de\/wp-json\/wp\/v2\/pages\/1459\/revisions\/1611"}],"wp:attachment":[{"href":"https:\/\/askla.pl\/de\/wp-json\/wp\/v2\/media?parent=1459"}],"curies":[{"name":"wp","href":"https:\/\/api.w.org\/{rel}","templated":true}]}}