{"id":1470,"date":"2022-03-14T05:00:00","date_gmt":"2022-03-14T04:00:00","guid":{"rendered":"https:\/\/askla.pl\/baugewerbe\/"},"modified":"2022-08-25T06:29:46","modified_gmt":"2022-08-25T04:29:46","slug":"baugewerbe","status":"publish","type":"page","link":"https:\/\/askla.pl\/de\/baugewerbe\/","title":{"rendered":"Baugewerbe"},"content":{"rendered":"<div id='av-layout-grid-1'  class='av-layout-grid-container av-vbe3x-356e267ab0612324628e021001ee5d2f entry-content-wrapper main_color av-flex-cells  avia-builder-el-0  el_before_av_section  avia-builder-el-first   container_wrap fullsize'  >\n\n<style type=\"text\/css\" data-created_by=\"avia_inline_auto\" id=\"style-css-av-pfxgd-a997cd521d91d4658f4615409dacb4ed\">\n.flex_cell.av-pfxgd-a997cd521d91d4658f4615409dacb4ed{\nvertical-align:middle;\n}\n<\/style>\n<div class='flex_cell av_two_third av-pfxgd-a997cd521d91d4658f4615409dacb4ed no_margin  avia-builder-el-1  el_before_av_cell_one_third  avia-builder-el-first ' ><div class='flex_cell_inner'><p>\n<style type=\"text\/css\" data-created_by=\"avia_inline_auto\" id=\"style-css-av-l0q6c96v-6b1285578aa7e38e72de5b048d6213a5\">\n#top .av-special-heading.av-l0q6c96v-6b1285578aa7e38e72de5b048d6213a5{\npadding-bottom:10px;\n}\nbody .av-special-heading.av-l0q6c96v-6b1285578aa7e38e72de5b048d6213a5 .av-special-heading-tag .heading-char{\nfont-size:25px;\n}\n.av-special-heading.av-l0q6c96v-6b1285578aa7e38e72de5b048d6213a5 .av-subheading{\nfont-size:15px;\n}\n<\/style>\n<div  class='av-special-heading av-l0q6c96v-6b1285578aa7e38e72de5b048d6213a5 av-special-heading-h2 blockquote modern-quote  avia-builder-el-2  el_before_av_textblock  avia-builder-el-first  av-thin-font'><h2 class='av-special-heading-tag'  itemprop=\"headline\"  ><strong>Baugewerbe<\/strong><\/h2><div class=\"special-heading-border\"><div class=\"special-heading-inner-border\"><\/div><\/div><\/div><br \/>\n\n<style type=\"text\/css\" data-created_by=\"avia_inline_auto\" id=\"style-css-av-l0q6d66e-a9d8aa8cadfa4fbcca7fcb9c339a527e\">\n#top .av_textblock_section.av-l0q6d66e-a9d8aa8cadfa4fbcca7fcb9c339a527e .avia_textblock{\ntext-align:justify;\n}\n<\/style>\n<section  class='av_textblock_section av-l0q6d66e-a9d8aa8cadfa4fbcca7fcb9c339a527e'  itemscope=\"itemscope\" itemtype=\"https:\/\/schema.org\/CreativeWork\" ><div class='avia_textblock'  itemprop=\"text\" ><p>Was passiert jetzt mit der Baubranche? In letzter Zeit boomt der Baumarkt. Die Entwicklung der Bauwirtschaft steht in direktem Zusammenhang mit den enormen technologischen Fortschritten. Auch ASKLA ist ein Unternehmen der Baubranche. Wir bieten technologisch fortschrittliche L\u00f6sungen f\u00fcr f\u00fchrende Hersteller in der Bauindustrie. Dazu geh\u00f6ren Produktionsmaschinen ebenso wie Produktionslinien.<\/p>\n<\/div><\/section><\/p>\n<\/div><\/div>\n<style type=\"text\/css\" data-created_by=\"avia_inline_auto\" id=\"style-css-av-j49gt-812bf894023261059b2d975f2dd685f2\">\n.flex_cell.av-j49gt-812bf894023261059b2d975f2dd685f2{\nvertical-align:top;\n}\n<\/style>\n<div class='flex_cell av_one_third av-j49gt-812bf894023261059b2d975f2dd685f2 no_margin  avia-builder-el-4  el_after_av_cell_two_third  avia-builder-el-last ' ><div class='flex_cell_inner'>\n<style type=\"text\/css\" data-created_by=\"avia_inline_auto\" id=\"style-css-av-l0q6g5ha-cb7bd32e5f6c60f034ddfd92a511874f\">\n.avia-image-container.av-l0q6g5ha-cb7bd32e5f6c60f034ddfd92a511874f .av-image-caption-overlay-center{\ncolor:#ffffff;\n}\n<\/style>\n<div  class='avia-image-container av-l0q6g5ha-cb7bd32e5f6c60f034ddfd92a511874f av-styling- av-hover-grow av-hide-overflow avia-align-center  avia-builder-el-5  avia-builder-el-no-sibling '  itemprop=\"image\" itemscope=\"itemscope\" itemtype=\"https:\/\/schema.org\/ImageObject\" ><div class=\"avia-image-container-inner\"><div class=\"avia-image-overlay-wrap\"><img loading=\"lazy\" decoding=\"async\" class='wp-image-1356 avia-img-lazy-loading-1356 avia_image' src=\"https:\/\/askla.pl\/wp-content\/uploads\/2022\/04\/linia-do-produkcji-elementow-okien-dachowych.jpg\" alt='' title='Linia do produkcji element\u00f3w okien dachowych'  height=\"874\" width=\"1200\"  itemprop=\"thumbnailUrl\" srcset=\"https:\/\/askla.pl\/wp-content\/uploads\/2022\/04\/linia-do-produkcji-elementow-okien-dachowych.jpg 1200w, https:\/\/askla.pl\/wp-content\/uploads\/2022\/04\/linia-do-produkcji-elementow-okien-dachowych-300x219.jpg 300w, https:\/\/askla.pl\/wp-content\/uploads\/2022\/04\/linia-do-produkcji-elementow-okien-dachowych-1030x750.jpg 1030w, https:\/\/askla.pl\/wp-content\/uploads\/2022\/04\/linia-do-produkcji-elementow-okien-dachowych-768x559.jpg 768w, https:\/\/askla.pl\/wp-content\/uploads\/2022\/04\/linia-do-produkcji-elementow-okien-dachowych-705x513.jpg 705w\" sizes=\"auto, (max-width: 1200px) 100vw, 1200px\" \/><\/div><\/div><\/div>\n<\/div><\/div>\n<\/div>\n\n<style type=\"text\/css\" data-created_by=\"avia_inline_auto\" id=\"style-css-av-ggbrh-e8fb3c3fa2d16d5f94affc7430513889\">\n.avia-section.av-ggbrh-e8fb3c3fa2d16d5f94affc7430513889{\nbackground-color:#f7f7f7;\n}\n<\/style>\n<div id='av_section_1'  class='avia-section av-ggbrh-e8fb3c3fa2d16d5f94affc7430513889 main_color avia-section-default avia-no-border-styling  avia-builder-el-6  el_after_av_layout_row  avia-builder-el-last  avia-bg-style-scroll container_wrap fullsize'  ><div class='container av-section-cont-open' ><div class='template-page content  av-content-full alpha units'><div class='post-entry post-entry-type-page post-entry-1470'><div class='entry-content-wrapper clearfix'>\n\n<style type=\"text\/css\" data-created_by=\"avia_inline_auto\" id=\"style-css-av-l0q6ce5j-15c85af46a61f13b09aa5ac559010a50\">\n#top .av-special-heading.av-l0q6ce5j-15c85af46a61f13b09aa5ac559010a50{\npadding-bottom:10px;\n}\nbody .av-special-heading.av-l0q6ce5j-15c85af46a61f13b09aa5ac559010a50 .av-special-heading-tag .heading-char{\nfont-size:25px;\n}\n.av-special-heading.av-l0q6ce5j-15c85af46a61f13b09aa5ac559010a50 .av-subheading{\nfont-size:15px;\n}\n<\/style>\n<div  class='av-special-heading av-l0q6ce5j-15c85af46a61f13b09aa5ac559010a50 av-special-heading-h2 blockquote modern-quote  avia-builder-el-7  el_before_av_masonry_gallery  avia-builder-el-no-sibling  av-thin-font'><h2 class='av-special-heading-tag'  itemprop=\"headline\"  ><strong>Baugewerbe<\/h2><div class='av-subheading av-subheading_below'><p>Erkenntnisse<\/strong><\/p>\n<\/div><div class=\"special-heading-border\"><div class=\"special-heading-inner-border\"><\/div><\/div><\/div>\n<div id='av-masonry-1' class='av-masonry av-bobmt-80e9af50a7976419a90863889ef3b998 noHover av-fixed-size av-large-gap av-hover-overlay-desaturation av-masonry-animation-active av-masonry-col-4 av-caption-always av-caption-style- av-masonry-gallery '><div class=\"av-masonry-container isotope av-js-disabled\"><div class='av-masonry-entry isotope-item av-masonry-item-no-image '><\/div><a href=\"https:\/\/askla.pl\/wp-content\/uploads\/2022\/04\/linia-do-produkcji-elementow-okien-dachowych-1030x750.jpg\" data-srcset=\"https:\/\/askla.pl\/wp-content\/uploads\/2022\/04\/linia-do-produkcji-elementow-okien-dachowych-1030x750.jpg 1030w, https:\/\/askla.pl\/wp-content\/uploads\/2022\/04\/linia-do-produkcji-elementow-okien-dachowych-300x219.jpg 300w, https:\/\/askla.pl\/wp-content\/uploads\/2022\/04\/linia-do-produkcji-elementow-okien-dachowych-768x559.jpg 768w, https:\/\/askla.pl\/wp-content\/uploads\/2022\/04\/linia-do-produkcji-elementow-okien-dachowych-705x513.jpg 705w, https:\/\/askla.pl\/wp-content\/uploads\/2022\/04\/linia-do-produkcji-elementow-okien-dachowych.jpg 1200w\" data-sizes=\"(max-width: 1030px) 100vw, 1030px\"  aria-label=\"Bild Linia do produkcji element\u00f3w okien dachowych\"  id='av-masonry-1-item-1356' data-av-masonry-item='1356' class='av-masonry-entry isotope-item post-1356 attachment type-attachment status-inherit hentry  av-masonry-item-with-image' title=\"Linia do produkcji element\u00f3w okien dachowych\" alt=\"\"   itemprop=\"thumbnailUrl\" ><div class='av-inner-masonry-sizer'><\/div><figure class='av-inner-masonry main_color'><div class=\"av-masonry-outerimage-container\"><div class='av-masonry-image-container' style=\"background-image: url(https:\/\/askla.pl\/wp-content\/uploads\/2022\/04\/linia-do-produkcji-elementow-okien-dachowych-705x513.jpg);\"  title=\"Linia do produkcji element\u00f3w okien dachowych\"  ><\/div><\/div><\/figure><\/a><!--end av-masonry entry--><a href=\"https:\/\/askla.pl\/wp-content\/uploads\/2022\/04\/maszyna-do-produkcji-elementow-okien-1030x699.jpg\" data-srcset=\"https:\/\/askla.pl\/wp-content\/uploads\/2022\/04\/maszyna-do-produkcji-elementow-okien-1030x699.jpg 1030w, https:\/\/askla.pl\/wp-content\/uploads\/2022\/04\/maszyna-do-produkcji-elementow-okien-300x204.jpg 300w, https:\/\/askla.pl\/wp-content\/uploads\/2022\/04\/maszyna-do-produkcji-elementow-okien-768x521.jpg 768w, https:\/\/askla.pl\/wp-content\/uploads\/2022\/04\/maszyna-do-produkcji-elementow-okien-705x478.jpg 705w, https:\/\/askla.pl\/wp-content\/uploads\/2022\/04\/maszyna-do-produkcji-elementow-okien.jpg 1200w\" data-sizes=\"(max-width: 1030px) 100vw, 1030px\"  aria-label=\"Bild Maszyna do produkcji element\u00f3w okien\"  id='av-masonry-1-item-1324' data-av-masonry-item='1324' class='av-masonry-entry isotope-item post-1324 attachment type-attachment status-inherit hentry  av-masonry-item-with-image' title=\"Maszyna do produkcji element\u00f3w okien\" alt=\"\"   itemprop=\"thumbnailUrl\" ><div class='av-inner-masonry-sizer'><\/div><figure class='av-inner-masonry main_color'><div class=\"av-masonry-outerimage-container\"><div class='av-masonry-image-container' style=\"background-image: url(https:\/\/askla.pl\/wp-content\/uploads\/2022\/04\/maszyna-do-produkcji-elementow-okien-705x478.jpg);\"  title=\"Maszyna do produkcji element\u00f3w okien\"  ><\/div><\/div><\/figure><\/a><!--end av-masonry entry--><a href=\"https:\/\/askla.pl\/wp-content\/uploads\/2022\/04\/wiertarka-przelotowa-do-elementow-okien-1030x687.jpg\" data-srcset=\"https:\/\/askla.pl\/wp-content\/uploads\/2022\/04\/wiertarka-przelotowa-do-elementow-okien-1030x687.jpg 1030w, https:\/\/askla.pl\/wp-content\/uploads\/2022\/04\/wiertarka-przelotowa-do-elementow-okien-300x200.jpg 300w, https:\/\/askla.pl\/wp-content\/uploads\/2022\/04\/wiertarka-przelotowa-do-elementow-okien-768x512.jpg 768w, https:\/\/askla.pl\/wp-content\/uploads\/2022\/04\/wiertarka-przelotowa-do-elementow-okien-705x470.jpg 705w, https:\/\/askla.pl\/wp-content\/uploads\/2022\/04\/wiertarka-przelotowa-do-elementow-okien.jpg 1200w\" data-sizes=\"(max-width: 1030px) 100vw, 1030px\"  aria-label=\"Bild Wiertarka przelotowa do element\u00f3w okien\"  id='av-masonry-1-item-1290' data-av-masonry-item='1290' class='av-masonry-entry isotope-item post-1290 attachment type-attachment status-inherit hentry  av-masonry-item-with-image' title=\"Wiertarka przelotowa do element\u00f3w okien\" alt=\"\"   itemprop=\"thumbnailUrl\" ><div class='av-inner-masonry-sizer'><\/div><figure class='av-inner-masonry main_color'><div class=\"av-masonry-outerimage-container\"><div class='av-masonry-image-container' style=\"background-image: url(https:\/\/askla.pl\/wp-content\/uploads\/2022\/04\/wiertarka-przelotowa-do-elementow-okien-705x470.jpg);\"  title=\"Wiertarka przelotowa do element\u00f3w okien\"  ><\/div><\/div><\/figure><\/a><!--end av-masonry entry--><a href=\"https:\/\/askla.pl\/wp-content\/uploads\/2022\/04\/linia-do-produkcji-elementow-okien-687x1030.jpg\" data-srcset=\"https:\/\/askla.pl\/wp-content\/uploads\/2022\/04\/linia-do-produkcji-elementow-okien-687x1030.jpg 687w, https:\/\/askla.pl\/wp-content\/uploads\/2022\/04\/linia-do-produkcji-elementow-okien-200x300.jpg 200w, https:\/\/askla.pl\/wp-content\/uploads\/2022\/04\/linia-do-produkcji-elementow-okien-768x1152.jpg 768w, https:\/\/askla.pl\/wp-content\/uploads\/2022\/04\/linia-do-produkcji-elementow-okien-470x705.jpg 470w, https:\/\/askla.pl\/wp-content\/uploads\/2022\/04\/linia-do-produkcji-elementow-okien.jpg 800w\" data-sizes=\"(max-width: 687px) 100vw, 687px\"  aria-label=\"Bild Linia do produkcji element\u00f3w okien\"  id='av-masonry-1-item-1354' data-av-masonry-item='1354' class='av-masonry-entry isotope-item post-1354 attachment type-attachment status-inherit hentry  av-masonry-item-with-image' title=\"Linia do produkcji element\u00f3w okien\" alt=\"\"   itemprop=\"thumbnailUrl\" ><div class='av-inner-masonry-sizer'><\/div><figure class='av-inner-masonry main_color'><div class=\"av-masonry-outerimage-container\"><div class='av-masonry-image-container' style=\"background-image: url(https:\/\/askla.pl\/wp-content\/uploads\/2022\/04\/linia-do-produkcji-elementow-okien-470x705.jpg);\"  title=\"Linia do produkcji element\u00f3w okien\"  ><\/div><\/div><\/figure><\/a><!--end av-masonry entry--><\/div><\/div>\n\n","protected":false},"excerpt":{"rendered":"","protected":false},"author":1,"featured_media":0,"parent":0,"menu_order":0,"comment_status":"closed","ping_status":"closed","template":"","meta":{"footnotes":""},"class_list":["post-1470","page","type-page","status-publish","hentry"],"_links":{"self":[{"href":"https:\/\/askla.pl\/de\/wp-json\/wp\/v2\/pages\/1470","targetHints":{"allow":["GET"]}}],"collection":[{"href":"https:\/\/askla.pl\/de\/wp-json\/wp\/v2\/pages"}],"about":[{"href":"https:\/\/askla.pl\/de\/wp-json\/wp\/v2\/types\/page"}],"author":[{"embeddable":true,"href":"https:\/\/askla.pl\/de\/wp-json\/wp\/v2\/users\/1"}],"replies":[{"embeddable":true,"href":"https:\/\/askla.pl\/de\/wp-json\/wp\/v2\/comments?post=1470"}],"version-history":[{"count":3,"href":"https:\/\/askla.pl\/de\/wp-json\/wp\/v2\/pages\/1470\/revisions"}],"predecessor-version":[{"id":1612,"href":"https:\/\/askla.pl\/de\/wp-json\/wp\/v2\/pages\/1470\/revisions\/1612"}],"wp:attachment":[{"href":"https:\/\/askla.pl\/de\/wp-json\/wp\/v2\/media?parent=1470"}],"curies":[{"name":"wp","href":"https:\/\/api.w.org\/{rel}","templated":true}]}}