{"id":1474,"date":"2022-03-14T05:05:44","date_gmt":"2022-03-14T04:05:44","guid":{"rendered":"https:\/\/askla.pl\/tischlerei\/"},"modified":"2022-08-25T06:31:38","modified_gmt":"2022-08-25T04:31:38","slug":"tischlerei","status":"publish","type":"page","link":"https:\/\/askla.pl\/de\/tischlerei\/","title":{"rendered":"Tischlerei"},"content":{"rendered":"<div id='av-layout-grid-1'  class='av-layout-grid-container av-zh0oo-124888bbc268a5b536856dd7367a1679 entry-content-wrapper main_color av-flex-cells  avia-builder-el-0  el_before_av_section  avia-builder-el-first   container_wrap fullsize'  >\n\n<style type=\"text\/css\" data-created_by=\"avia_inline_auto\" id=\"style-css-av-rd2nk-5dd498085e80ce0bc997feed5416f604\">\n.flex_cell.av-rd2nk-5dd498085e80ce0bc997feed5416f604{\nvertical-align:middle;\n}\n<\/style>\n<div class='flex_cell av_two_third av-rd2nk-5dd498085e80ce0bc997feed5416f604 no_margin  avia-builder-el-1  el_before_av_cell_one_third  avia-builder-el-first ' ><div class='flex_cell_inner'><p>\n<style type=\"text\/css\" data-created_by=\"avia_inline_auto\" id=\"style-css-av-l0q6j4ne-4aae78dee572be900c0ee45d535a3132\">\n#top .av-special-heading.av-l0q6j4ne-4aae78dee572be900c0ee45d535a3132{\npadding-bottom:10px;\n}\nbody .av-special-heading.av-l0q6j4ne-4aae78dee572be900c0ee45d535a3132 .av-special-heading-tag .heading-char{\nfont-size:25px;\n}\n.av-special-heading.av-l0q6j4ne-4aae78dee572be900c0ee45d535a3132 .av-subheading{\nfont-size:15px;\n}\n<\/style>\n<div  class='av-special-heading av-l0q6j4ne-4aae78dee572be900c0ee45d535a3132 av-special-heading-h2 blockquote modern-quote  avia-builder-el-2  el_before_av_textblock  avia-builder-el-first  av-thin-font'><h2 class='av-special-heading-tag'  itemprop=\"headline\"  ><strong>Tischlerei<\/strong><\/h2><div class=\"special-heading-border\"><div class=\"special-heading-inner-border\"><\/div><\/div><\/div><br \/>\n\n<style type=\"text\/css\" data-created_by=\"avia_inline_auto\" id=\"style-css-av-l0q6jnr2-f28138a4b68de1ad5701726ba9e21dc3\">\n#top .av_textblock_section.av-l0q6jnr2-f28138a4b68de1ad5701726ba9e21dc3 .avia_textblock{\ntext-align:justify;\n}\n<\/style>\n<section  class='av_textblock_section av-l0q6jnr2-f28138a4b68de1ad5701726ba9e21dc3'  itemscope=\"itemscope\" itemtype=\"https:\/\/schema.org\/CreativeWork\" ><div class='avia_textblock'  itemprop=\"text\" ><p>Mit ASKLA Maschinen und Fertigungslinien profitieren Sie von mehr Effizienz und Wirtschaftlichkeit. Bei ASKLA bauen wir Maschinen und Anlagen f\u00fcr folgende Prozesse: Schneiden, Bohren, Palettieren, Depalettieren usw. Unsere L\u00f6sungen sorgen f\u00fcr die Optimierung der Produktion in der Tischlerei und M\u00f6belindustrie.<\/p>\n<\/div><\/section><\/p>\n<\/div><\/div>\n<style type=\"text\/css\" data-created_by=\"avia_inline_auto\" id=\"style-css-av-ix1fs-ab0f79536ea427231bab726bf2587560\">\n.flex_cell.av-ix1fs-ab0f79536ea427231bab726bf2587560{\nvertical-align:top;\n}\n<\/style>\n<div class='flex_cell av_one_third av-ix1fs-ab0f79536ea427231bab726bf2587560 no_margin  avia-builder-el-4  el_after_av_cell_two_third  avia-builder-el-last ' ><div class='flex_cell_inner'>\n<style type=\"text\/css\" data-created_by=\"avia_inline_auto\" id=\"style-css-av-l0q6njsg-2427d421207de5e10445474c598fabe1\">\n.avia-image-container.av-l0q6njsg-2427d421207de5e10445474c598fabe1 .av-image-caption-overlay-center{\ncolor:#ffffff;\n}\n<\/style>\n<div  class='avia-image-container av-l0q6njsg-2427d421207de5e10445474c598fabe1 av-styling- av-hover-grow av-hide-overflow avia-align-center  avia-builder-el-5  avia-builder-el-no-sibling '  itemprop=\"image\" itemscope=\"itemscope\" itemtype=\"https:\/\/schema.org\/ImageObject\" ><div class=\"avia-image-container-inner\"><div class=\"avia-image-overlay-wrap\"><img loading=\"lazy\" decoding=\"async\" class='wp-image-1352 avia-img-lazy-loading-1352 avia_image' src=\"https:\/\/askla.pl\/wp-content\/uploads\/2022\/04\/linia-do-produkcji-elementow-meblowych-1.jpg\" alt='' title='Linia do produkcji element\u00f3w meblowych'  height=\"800\" width=\"1200\"  itemprop=\"thumbnailUrl\" srcset=\"https:\/\/askla.pl\/wp-content\/uploads\/2022\/04\/linia-do-produkcji-elementow-meblowych-1.jpg 1200w, https:\/\/askla.pl\/wp-content\/uploads\/2022\/04\/linia-do-produkcji-elementow-meblowych-1-300x200.jpg 300w, https:\/\/askla.pl\/wp-content\/uploads\/2022\/04\/linia-do-produkcji-elementow-meblowych-1-1030x687.jpg 1030w, https:\/\/askla.pl\/wp-content\/uploads\/2022\/04\/linia-do-produkcji-elementow-meblowych-1-768x512.jpg 768w, https:\/\/askla.pl\/wp-content\/uploads\/2022\/04\/linia-do-produkcji-elementow-meblowych-1-705x470.jpg 705w\" sizes=\"auto, (max-width: 1200px) 100vw, 1200px\" \/><\/div><\/div><\/div>\n<\/div><\/div>\n<\/div>\n\n<style type=\"text\/css\" data-created_by=\"avia_inline_auto\" id=\"style-css-av-d7jag-7725d7837d8beee3fa30b925b87c49f4\">\n.avia-section.av-d7jag-7725d7837d8beee3fa30b925b87c49f4{\nbackground-color:#f7f7f7;\n}\n<\/style>\n<div id='av_section_1'  class='avia-section av-d7jag-7725d7837d8beee3fa30b925b87c49f4 main_color avia-section-default avia-no-border-styling  avia-builder-el-6  el_after_av_layout_row  avia-builder-el-last  avia-bg-style-scroll container_wrap fullsize'  ><div class='container av-section-cont-open' ><div class='template-page content  av-content-full alpha units'><div class='post-entry post-entry-type-page post-entry-1474'><div class='entry-content-wrapper clearfix'>\n\n<style type=\"text\/css\" data-created_by=\"avia_inline_auto\" id=\"style-css-av-l0q6j8y2-ef214fa15b2a73c09fba5d977e5689ff\">\n#top .av-special-heading.av-l0q6j8y2-ef214fa15b2a73c09fba5d977e5689ff{\npadding-bottom:10px;\n}\nbody .av-special-heading.av-l0q6j8y2-ef214fa15b2a73c09fba5d977e5689ff .av-special-heading-tag .heading-char{\nfont-size:25px;\n}\n.av-special-heading.av-l0q6j8y2-ef214fa15b2a73c09fba5d977e5689ff .av-subheading{\nfont-size:15px;\n}\n<\/style>\n<div  class='av-special-heading av-l0q6j8y2-ef214fa15b2a73c09fba5d977e5689ff av-special-heading-h2 blockquote modern-quote  avia-builder-el-7  el_before_av_masonry_gallery  avia-builder-el-no-sibling  av-thin-font'><h2 class='av-special-heading-tag'  itemprop=\"headline\"  ><strong>Tischlerei<\/h2><div class='av-subheading av-subheading_below'><p>Erkenntnisse<\/strong><\/p>\n<\/div><div class=\"special-heading-border\"><div class=\"special-heading-inner-border\"><\/div><\/div><\/div>\n<div id='av-masonry-1' class='av-masonry av-7ale8-5761e7ba891ec3608d324765531339b2 noHover av-fixed-size av-large-gap av-hover-overlay-desaturation av-masonry-animation-active av-masonry-col-4 av-caption-always av-caption-style- av-masonry-gallery '><div class=\"av-masonry-container isotope av-js-disabled\"><div class='av-masonry-entry isotope-item av-masonry-item-no-image '><\/div><a href=\"https:\/\/askla.pl\/wp-content\/uploads\/2022\/04\/3-stanowisko-zrobotyzowane-do-paletyzacji-plyt-meblowych-1030x687.jpg\" data-srcset=\"https:\/\/askla.pl\/wp-content\/uploads\/2022\/04\/3-stanowisko-zrobotyzowane-do-paletyzacji-plyt-meblowych-1030x687.jpg 1030w, https:\/\/askla.pl\/wp-content\/uploads\/2022\/04\/3-stanowisko-zrobotyzowane-do-paletyzacji-plyt-meblowych-300x200.jpg 300w, https:\/\/askla.pl\/wp-content\/uploads\/2022\/04\/3-stanowisko-zrobotyzowane-do-paletyzacji-plyt-meblowych-768x512.jpg 768w, https:\/\/askla.pl\/wp-content\/uploads\/2022\/04\/3-stanowisko-zrobotyzowane-do-paletyzacji-plyt-meblowych-705x470.jpg 705w, https:\/\/askla.pl\/wp-content\/uploads\/2022\/04\/3-stanowisko-zrobotyzowane-do-paletyzacji-plyt-meblowych.jpg 1200w\" data-sizes=\"(max-width: 1030px) 100vw, 1030px\"  aria-label=\"Bild Stanowisko zrobotyzowane do paletyzacji p\u0142yt meblowych\"  id='av-masonry-1-item-1366' data-av-masonry-item='1366' class='av-masonry-entry isotope-item post-1366 attachment type-attachment status-inherit hentry  av-masonry-item-with-image' title=\"Stanowisko zrobotyzowane do paletyzacji p\u0142yt meblowych\" alt=\"\"   itemprop=\"thumbnailUrl\" ><div class='av-inner-masonry-sizer'><\/div><figure class='av-inner-masonry main_color'><div class=\"av-masonry-outerimage-container\"><div class='av-masonry-image-container' style=\"background-image: url(https:\/\/askla.pl\/wp-content\/uploads\/2022\/04\/3-stanowisko-zrobotyzowane-do-paletyzacji-plyt-meblowych-705x470.jpg);\"  title=\"Stanowisko zrobotyzowane do paletyzacji p\u0142yt meblowych\"  ><\/div><\/div><\/figure><\/a><!--end av-masonry entry--><a href=\"https:\/\/askla.pl\/wp-content\/uploads\/2022\/04\/linia-do-produkcji-elementow-meblowych-1-1030x687.jpg\" data-srcset=\"https:\/\/askla.pl\/wp-content\/uploads\/2022\/04\/linia-do-produkcji-elementow-meblowych-1-1030x687.jpg 1030w, https:\/\/askla.pl\/wp-content\/uploads\/2022\/04\/linia-do-produkcji-elementow-meblowych-1-300x200.jpg 300w, https:\/\/askla.pl\/wp-content\/uploads\/2022\/04\/linia-do-produkcji-elementow-meblowych-1-768x512.jpg 768w, https:\/\/askla.pl\/wp-content\/uploads\/2022\/04\/linia-do-produkcji-elementow-meblowych-1-705x470.jpg 705w, https:\/\/askla.pl\/wp-content\/uploads\/2022\/04\/linia-do-produkcji-elementow-meblowych-1.jpg 1200w\" data-sizes=\"(max-width: 1030px) 100vw, 1030px\"  aria-label=\"Bild Linia do produkcji element\u00f3w meblowych\"  id='av-masonry-1-item-1352' data-av-masonry-item='1352' class='av-masonry-entry isotope-item post-1352 attachment type-attachment status-inherit hentry  av-masonry-item-with-image' title=\"Linia do produkcji element\u00f3w meblowych\" alt=\"\"   itemprop=\"thumbnailUrl\" ><div class='av-inner-masonry-sizer'><\/div><figure class='av-inner-masonry main_color'><div class=\"av-masonry-outerimage-container\"><div class='av-masonry-image-container' style=\"background-image: url(https:\/\/askla.pl\/wp-content\/uploads\/2022\/04\/linia-do-produkcji-elementow-meblowych-1-705x470.jpg);\"  title=\"Linia do produkcji element\u00f3w meblowych\"  ><\/div><\/div><\/figure><\/a><!--end av-masonry entry--><a href=\"https:\/\/askla.pl\/wp-content\/uploads\/2022\/04\/linia-do-produkcji-elementow-meblowych-1030x687.jpg\" data-srcset=\"https:\/\/askla.pl\/wp-content\/uploads\/2022\/04\/linia-do-produkcji-elementow-meblowych-1030x687.jpg 1030w, https:\/\/askla.pl\/wp-content\/uploads\/2022\/04\/linia-do-produkcji-elementow-meblowych-300x200.jpg 300w, https:\/\/askla.pl\/wp-content\/uploads\/2022\/04\/linia-do-produkcji-elementow-meblowych-768x512.jpg 768w, https:\/\/askla.pl\/wp-content\/uploads\/2022\/04\/linia-do-produkcji-elementow-meblowych-705x470.jpg 705w, https:\/\/askla.pl\/wp-content\/uploads\/2022\/04\/linia-do-produkcji-elementow-meblowych.jpg 1200w\" data-sizes=\"(max-width: 1030px) 100vw, 1030px\"  aria-label=\"Bild Linia do produkcji element\u00f3w meblowych\"  id='av-masonry-1-item-1350' data-av-masonry-item='1350' class='av-masonry-entry isotope-item post-1350 attachment type-attachment status-inherit hentry  av-masonry-item-with-image' title=\"Linia do produkcji element\u00f3w meblowych\" alt=\"\"   itemprop=\"thumbnailUrl\" ><div class='av-inner-masonry-sizer'><\/div><figure class='av-inner-masonry main_color'><div class=\"av-masonry-outerimage-container\"><div class='av-masonry-image-container' style=\"background-image: url(https:\/\/askla.pl\/wp-content\/uploads\/2022\/04\/linia-do-produkcji-elementow-meblowych-705x470.jpg);\"  title=\"Linia do produkcji element\u00f3w meblowych\"  ><\/div><\/div><\/figure><\/a><!--end av-masonry entry--><a href=\"https:\/\/askla.pl\/wp-content\/uploads\/2022\/04\/linia-do-paletyzacji-paczek-meblowych-1030x687.jpg\" data-srcset=\"https:\/\/askla.pl\/wp-content\/uploads\/2022\/04\/linia-do-paletyzacji-paczek-meblowych-1030x687.jpg 1030w, https:\/\/askla.pl\/wp-content\/uploads\/2022\/04\/linia-do-paletyzacji-paczek-meblowych-300x200.jpg 300w, https:\/\/askla.pl\/wp-content\/uploads\/2022\/04\/linia-do-paletyzacji-paczek-meblowych-768x512.jpg 768w, https:\/\/askla.pl\/wp-content\/uploads\/2022\/04\/linia-do-paletyzacji-paczek-meblowych-705x470.jpg 705w, https:\/\/askla.pl\/wp-content\/uploads\/2022\/04\/linia-do-paletyzacji-paczek-meblowych.jpg 1200w\" data-sizes=\"(max-width: 1030px) 100vw, 1030px\"  aria-label=\"Bild Linia do paletyzacji paczek meblowych\"  id='av-masonry-1-item-1340' data-av-masonry-item='1340' class='av-masonry-entry isotope-item post-1340 attachment type-attachment status-inherit hentry  av-masonry-item-with-image' title=\"Linia do paletyzacji paczek meblowych\" alt=\"\"   itemprop=\"thumbnailUrl\" ><div class='av-inner-masonry-sizer'><\/div><figure class='av-inner-masonry main_color'><div class=\"av-masonry-outerimage-container\"><div class='av-masonry-image-container' style=\"background-image: url(https:\/\/askla.pl\/wp-content\/uploads\/2022\/04\/linia-do-paletyzacji-paczek-meblowych-705x470.jpg);\"  title=\"Linia do paletyzacji paczek meblowych\"  ><\/div><\/div><\/figure><\/a><!--end av-masonry entry--><a href=\"https:\/\/askla.pl\/wp-content\/uploads\/2022\/04\/wielkoseryjna-linia-do-produkcji-elementow-meblowycj-1030x708.jpg\" data-srcset=\"https:\/\/askla.pl\/wp-content\/uploads\/2022\/04\/wielkoseryjna-linia-do-produkcji-elementow-meblowycj-1030x708.jpg 1030w, https:\/\/askla.pl\/wp-content\/uploads\/2022\/04\/wielkoseryjna-linia-do-produkcji-elementow-meblowycj-300x206.jpg 300w, https:\/\/askla.pl\/wp-content\/uploads\/2022\/04\/wielkoseryjna-linia-do-produkcji-elementow-meblowycj-768x528.jpg 768w, https:\/\/askla.pl\/wp-content\/uploads\/2022\/04\/wielkoseryjna-linia-do-produkcji-elementow-meblowycj-705x485.jpg 705w, https:\/\/askla.pl\/wp-content\/uploads\/2022\/04\/wielkoseryjna-linia-do-produkcji-elementow-meblowycj.jpg 1200w\" data-sizes=\"(max-width: 1030px) 100vw, 1030px\"  aria-label=\"Bild Wielkoseryjna linia do produkcji element\u00f3w meblowych\"  id='av-masonry-1-item-1330' data-av-masonry-item='1330' class='av-masonry-entry isotope-item post-1330 attachment type-attachment status-inherit hentry  av-masonry-item-with-image' title=\"Wielkoseryjna linia do produkcji element\u00f3w meblowych\" alt=\"\"   itemprop=\"thumbnailUrl\" ><div class='av-inner-masonry-sizer'><\/div><figure class='av-inner-masonry main_color'><div class=\"av-masonry-outerimage-container\"><div class='av-masonry-image-container' style=\"background-image: url(https:\/\/askla.pl\/wp-content\/uploads\/2022\/04\/wielkoseryjna-linia-do-produkcji-elementow-meblowycj-705x485.jpg);\"  title=\"Wielkoseryjna linia do produkcji element\u00f3w meblowych\"  ><\/div><\/div><\/figure><\/a><!--end av-masonry entry--><a href=\"https:\/\/askla.pl\/wp-content\/uploads\/2022\/04\/linia-do-wiercenia-elementow-meblowych-1-687x1030.jpg\" data-srcset=\"https:\/\/askla.pl\/wp-content\/uploads\/2022\/04\/linia-do-wiercenia-elementow-meblowych-1-687x1030.jpg 687w, https:\/\/askla.pl\/wp-content\/uploads\/2022\/04\/linia-do-wiercenia-elementow-meblowych-1-200x300.jpg 200w, https:\/\/askla.pl\/wp-content\/uploads\/2022\/04\/linia-do-wiercenia-elementow-meblowych-1-768x1152.jpg 768w, https:\/\/askla.pl\/wp-content\/uploads\/2022\/04\/linia-do-wiercenia-elementow-meblowych-1-470x705.jpg 470w, https:\/\/askla.pl\/wp-content\/uploads\/2022\/04\/linia-do-wiercenia-elementow-meblowych-1.jpg 800w\" data-sizes=\"(max-width: 687px) 100vw, 687px\"  aria-label=\"Bild Linia do wiercenia element\u00f3w meblowych\"  id='av-masonry-1-item-1322' data-av-masonry-item='1322' class='av-masonry-entry isotope-item post-1322 attachment type-attachment status-inherit hentry  av-masonry-item-with-image' title=\"Linia do wiercenia element\u00f3w meblowych\" alt=\"\"   itemprop=\"thumbnailUrl\" ><div class='av-inner-masonry-sizer'><\/div><figure class='av-inner-masonry main_color'><div class=\"av-masonry-outerimage-container\"><div class='av-masonry-image-container' style=\"background-image: url(https:\/\/askla.pl\/wp-content\/uploads\/2022\/04\/linia-do-wiercenia-elementow-meblowych-1-470x705.jpg);\"  title=\"Linia do wiercenia element\u00f3w meblowych\"  ><\/div><\/div><\/figure><\/a><!--end av-masonry entry--><a href=\"https:\/\/askla.pl\/wp-content\/uploads\/2022\/04\/linia-do-wiercenia-elementow-meblowych-1030x687.jpg\" data-srcset=\"https:\/\/askla.pl\/wp-content\/uploads\/2022\/04\/linia-do-wiercenia-elementow-meblowych-1030x687.jpg 1030w, https:\/\/askla.pl\/wp-content\/uploads\/2022\/04\/linia-do-wiercenia-elementow-meblowych-300x200.jpg 300w, https:\/\/askla.pl\/wp-content\/uploads\/2022\/04\/linia-do-wiercenia-elementow-meblowych-768x512.jpg 768w, https:\/\/askla.pl\/wp-content\/uploads\/2022\/04\/linia-do-wiercenia-elementow-meblowych-705x470.jpg 705w, https:\/\/askla.pl\/wp-content\/uploads\/2022\/04\/linia-do-wiercenia-elementow-meblowych.jpg 1200w\" data-sizes=\"(max-width: 1030px) 100vw, 1030px\"  aria-label=\"Bild Linia do wiercenia element\u00f3w meblowych\"  id='av-masonry-1-item-1320' data-av-masonry-item='1320' class='av-masonry-entry isotope-item post-1320 attachment type-attachment status-inherit hentry  av-masonry-item-with-image' title=\"Linia do wiercenia element\u00f3w meblowych\" alt=\"\"   itemprop=\"thumbnailUrl\" ><div class='av-inner-masonry-sizer'><\/div><figure class='av-inner-masonry main_color'><div class=\"av-masonry-outerimage-container\"><div class='av-masonry-image-container' style=\"background-image: url(https:\/\/askla.pl\/wp-content\/uploads\/2022\/04\/linia-do-wiercenia-elementow-meblowych-705x470.jpg);\"  title=\"Linia do wiercenia element\u00f3w meblowych\"  ><\/div><\/div><\/figure><\/a><!--end av-masonry entry--><a href=\"https:\/\/askla.pl\/wp-content\/uploads\/2022\/04\/wielkoseryjna-linia-do-wiercenia-1030x688.jpg\" data-srcset=\"https:\/\/askla.pl\/wp-content\/uploads\/2022\/04\/wielkoseryjna-linia-do-wiercenia-1030x688.jpg 1030w, https:\/\/askla.pl\/wp-content\/uploads\/2022\/04\/wielkoseryjna-linia-do-wiercenia-300x200.jpg 300w, https:\/\/askla.pl\/wp-content\/uploads\/2022\/04\/wielkoseryjna-linia-do-wiercenia-768x513.jpg 768w, https:\/\/askla.pl\/wp-content\/uploads\/2022\/04\/wielkoseryjna-linia-do-wiercenia-705x471.jpg 705w, https:\/\/askla.pl\/wp-content\/uploads\/2022\/04\/wielkoseryjna-linia-do-wiercenia.jpg 1200w\" data-sizes=\"(max-width: 1030px) 100vw, 1030px\"  aria-label=\"Bild Wielkoseryjna linia do wiercenia\"  id='av-masonry-1-item-1332' data-av-masonry-item='1332' class='av-masonry-entry isotope-item post-1332 attachment type-attachment status-inherit hentry  av-masonry-item-with-image' title=\"Wielkoseryjna linia do wiercenia\" alt=\"\"   itemprop=\"thumbnailUrl\" ><div class='av-inner-masonry-sizer'><\/div><figure class='av-inner-masonry main_color'><div class=\"av-masonry-outerimage-container\"><div class='av-masonry-image-container' style=\"background-image: url(https:\/\/askla.pl\/wp-content\/uploads\/2022\/04\/wielkoseryjna-linia-do-wiercenia-705x471.jpg);\"  title=\"Wielkoseryjna linia do wiercenia\"  ><\/div><\/div><\/figure><\/a><!--end av-masonry entry--><a href=\"https:\/\/askla.pl\/wp-content\/uploads\/2022\/04\/automatyczna-pila-pakietowa-1030x687.jpg\" data-srcset=\"https:\/\/askla.pl\/wp-content\/uploads\/2022\/04\/automatyczna-pila-pakietowa-1030x687.jpg 1030w, https:\/\/askla.pl\/wp-content\/uploads\/2022\/04\/automatyczna-pila-pakietowa-300x200.jpg 300w, https:\/\/askla.pl\/wp-content\/uploads\/2022\/04\/automatyczna-pila-pakietowa-768x512.jpg 768w, https:\/\/askla.pl\/wp-content\/uploads\/2022\/04\/automatyczna-pila-pakietowa-705x470.jpg 705w, https:\/\/askla.pl\/wp-content\/uploads\/2022\/04\/automatyczna-pila-pakietowa.jpg 1200w\" data-sizes=\"(max-width: 1030px) 100vw, 1030px\"  aria-label=\"Bild Automatyczna pi\u0142a pakietowa\"  id='av-masonry-1-item-1296' data-av-masonry-item='1296' class='av-masonry-entry isotope-item post-1296 attachment type-attachment status-inherit hentry  av-masonry-item-with-image' title=\"Automatyczna pi\u0142a pakietowa\" alt=\"\"   itemprop=\"thumbnailUrl\" ><div class='av-inner-masonry-sizer'><\/div><figure class='av-inner-masonry main_color'><div class=\"av-masonry-outerimage-container\"><div class='av-masonry-image-container' style=\"background-image: url(https:\/\/askla.pl\/wp-content\/uploads\/2022\/04\/automatyczna-pila-pakietowa-705x470.jpg);\"  title=\"Automatyczna pi\u0142a pakietowa\"  ><\/div><\/div><\/figure><\/a><!--end av-masonry entry--><a href=\"https:\/\/askla.pl\/wp-content\/uploads\/2022\/04\/automatyczna-pila-pakietowa-2-1030x699.jpg\" data-srcset=\"https:\/\/askla.pl\/wp-content\/uploads\/2022\/04\/automatyczna-pila-pakietowa-2-1030x699.jpg 1030w, https:\/\/askla.pl\/wp-content\/uploads\/2022\/04\/automatyczna-pila-pakietowa-2-300x204.jpg 300w, https:\/\/askla.pl\/wp-content\/uploads\/2022\/04\/automatyczna-pila-pakietowa-2-768x521.jpg 768w, https:\/\/askla.pl\/wp-content\/uploads\/2022\/04\/automatyczna-pila-pakietowa-2-705x478.jpg 705w, https:\/\/askla.pl\/wp-content\/uploads\/2022\/04\/automatyczna-pila-pakietowa-2.jpg 1200w\" data-sizes=\"(max-width: 1030px) 100vw, 1030px\"  aria-label=\"Bild Automatyczna pi\u0142a pakietowa\"  id='av-masonry-1-item-1294' data-av-masonry-item='1294' class='av-masonry-entry isotope-item post-1294 attachment type-attachment status-inherit hentry  av-masonry-item-with-image' title=\"Automatyczna pi\u0142a pakietowa\" alt=\"\"   itemprop=\"thumbnailUrl\" ><div class='av-inner-masonry-sizer'><\/div><figure class='av-inner-masonry main_color'><div class=\"av-masonry-outerimage-container\"><div class='av-masonry-image-container' style=\"background-image: url(https:\/\/askla.pl\/wp-content\/uploads\/2022\/04\/automatyczna-pila-pakietowa-2-705x478.jpg);\"  title=\"Automatyczna pi\u0142a pakietowa\"  ><\/div><\/div><\/figure><\/a><!--end av-masonry entry--><a href=\"https:\/\/askla.pl\/wp-content\/uploads\/2022\/04\/maszyna-do-ciecia-pakietowego-1030x687.jpg\" data-srcset=\"https:\/\/askla.pl\/wp-content\/uploads\/2022\/04\/maszyna-do-ciecia-pakietowego-1030x687.jpg 1030w, https:\/\/askla.pl\/wp-content\/uploads\/2022\/04\/maszyna-do-ciecia-pakietowego-300x200.jpg 300w, https:\/\/askla.pl\/wp-content\/uploads\/2022\/04\/maszyna-do-ciecia-pakietowego-768x512.jpg 768w, https:\/\/askla.pl\/wp-content\/uploads\/2022\/04\/maszyna-do-ciecia-pakietowego-705x470.jpg 705w, https:\/\/askla.pl\/wp-content\/uploads\/2022\/04\/maszyna-do-ciecia-pakietowego.jpg 1200w\" data-sizes=\"(max-width: 1030px) 100vw, 1030px\"  aria-label=\"Bild Maszyna do ci\u0119cia pakietowego\"  id='av-masonry-1-item-1298' data-av-masonry-item='1298' class='av-masonry-entry isotope-item post-1298 attachment type-attachment status-inherit hentry  av-masonry-item-with-image' title=\"Maszyna do ci\u0119cia pakietowego\" alt=\"\"   itemprop=\"thumbnailUrl\" ><div class='av-inner-masonry-sizer'><\/div><figure class='av-inner-masonry main_color'><div class=\"av-masonry-outerimage-container\"><div class='av-masonry-image-container' style=\"background-image: url(https:\/\/askla.pl\/wp-content\/uploads\/2022\/04\/maszyna-do-ciecia-pakietowego-705x470.jpg);\"  title=\"Maszyna do ci\u0119cia pakietowego\"  ><\/div><\/div><\/figure><\/a><!--end av-masonry entry--><a href=\"https:\/\/askla.pl\/wp-content\/uploads\/2022\/04\/wiertarko-kolczarka-1030x673.jpg\" data-srcset=\"https:\/\/askla.pl\/wp-content\/uploads\/2022\/04\/wiertarko-kolczarka-1030x673.jpg 1030w, https:\/\/askla.pl\/wp-content\/uploads\/2022\/04\/wiertarko-kolczarka-300x196.jpg 300w, https:\/\/askla.pl\/wp-content\/uploads\/2022\/04\/wiertarko-kolczarka-768x502.jpg 768w, https:\/\/askla.pl\/wp-content\/uploads\/2022\/04\/wiertarko-kolczarka-705x461.jpg 705w, https:\/\/askla.pl\/wp-content\/uploads\/2022\/04\/wiertarko-kolczarka.jpg 1200w\" data-sizes=\"(max-width: 1030px) 100vw, 1030px\"  aria-label=\"Bild Wiertarko-ko\u0142czarka\"  id='av-masonry-1-item-1292' data-av-masonry-item='1292' class='av-masonry-entry isotope-item post-1292 attachment type-attachment status-inherit hentry  av-masonry-item-with-image' title=\"Wiertarko-ko\u0142czarka\" alt=\"\"   itemprop=\"thumbnailUrl\" ><div class='av-inner-masonry-sizer'><\/div><figure class='av-inner-masonry main_color'><div class=\"av-masonry-outerimage-container\"><div class='av-masonry-image-container' style=\"background-image: url(https:\/\/askla.pl\/wp-content\/uploads\/2022\/04\/wiertarko-kolczarka-705x461.jpg);\"  title=\"Wiertarko-ko\u0142czarka\"  ><\/div><\/div><\/figure><\/a><!--end av-masonry entry--><\/div><\/div>\n\n","protected":false},"excerpt":{"rendered":"","protected":false},"author":1,"featured_media":0,"parent":0,"menu_order":0,"comment_status":"closed","ping_status":"closed","template":"","meta":{"footnotes":""},"class_list":["post-1474","page","type-page","status-publish","hentry"],"_links":{"self":[{"href":"https:\/\/askla.pl\/de\/wp-json\/wp\/v2\/pages\/1474","targetHints":{"allow":["GET"]}}],"collection":[{"href":"https:\/\/askla.pl\/de\/wp-json\/wp\/v2\/pages"}],"about":[{"href":"https:\/\/askla.pl\/de\/wp-json\/wp\/v2\/types\/page"}],"author":[{"embeddable":true,"href":"https:\/\/askla.pl\/de\/wp-json\/wp\/v2\/users\/1"}],"replies":[{"embeddable":true,"href":"https:\/\/askla.pl\/de\/wp-json\/wp\/v2\/comments?post=1474"}],"version-history":[{"count":2,"href":"https:\/\/askla.pl\/de\/wp-json\/wp\/v2\/pages\/1474\/revisions"}],"predecessor-version":[{"id":1617,"href":"https:\/\/askla.pl\/de\/wp-json\/wp\/v2\/pages\/1474\/revisions\/1617"}],"wp:attachment":[{"href":"https:\/\/askla.pl\/de\/wp-json\/wp\/v2\/media?parent=1474"}],"curies":[{"name":"wp","href":"https:\/\/api.w.org\/{rel}","templated":true}]}}