{"id":1483,"date":"2022-03-14T05:08:36","date_gmt":"2022-03-14T04:08:36","guid":{"rendered":"https:\/\/askla.pl\/plastics-industry\/"},"modified":"2022-10-03T15:42:56","modified_gmt":"2022-10-03T13:42:56","slug":"plastics-industry","status":"publish","type":"page","link":"https:\/\/askla.pl\/en\/plastics-industry\/","title":{"rendered":"Plastics industry"},"content":{"rendered":"<div id='av-layout-grid-1'  class='av-layout-grid-container av-wogbf-be38248e845cf0e7f5e4e34d6167e505 entry-content-wrapper main_color av-flex-cells  avia-builder-el-0  el_before_av_section  avia-builder-el-first   container_wrap fullsize'  >\n\n<style type=\"text\/css\" data-created_by=\"avia_inline_auto\" id=\"style-css-av-t4hu3-28705af46ff8917622ff2be8c28a8f1d\">\n.flex_cell.av-t4hu3-28705af46ff8917622ff2be8c28a8f1d{\nvertical-align:middle;\n}\n<\/style>\n<div class='flex_cell av_two_third av-t4hu3-28705af46ff8917622ff2be8c28a8f1d no_margin  avia-builder-el-1  el_before_av_cell_one_third  avia-builder-el-first ' ><div class='flex_cell_inner'><p>\n<style type=\"text\/css\" data-created_by=\"avia_inline_auto\" id=\"style-css-av-l0q6p8jl-1679415ce6522b3918a003d7f83aee5c\">\n#top .av-special-heading.av-l0q6p8jl-1679415ce6522b3918a003d7f83aee5c{\npadding-bottom:10px;\n}\nbody .av-special-heading.av-l0q6p8jl-1679415ce6522b3918a003d7f83aee5c .av-special-heading-tag .heading-char{\nfont-size:25px;\n}\n.av-special-heading.av-l0q6p8jl-1679415ce6522b3918a003d7f83aee5c .av-subheading{\nfont-size:15px;\n}\n<\/style>\n<div  class='av-special-heading av-l0q6p8jl-1679415ce6522b3918a003d7f83aee5c av-special-heading-h2 blockquote modern-quote  avia-builder-el-2  el_before_av_textblock  avia-builder-el-first  av-thin-font'><h2 class='av-special-heading-tag'  itemprop=\"headline\"  ><strong>Przemys\u0142 tworzyw sztucznych<\/strong><\/h2><div class=\"special-heading-border\"><div class=\"special-heading-inner-border\"><\/div><\/div><\/div><br \/>\n\n<style type=\"text\/css\" data-created_by=\"avia_inline_auto\" id=\"style-css-av-l0q6r2ng-e01b189862ff0a9ba2c315b4b5e97f2f\">\n#top .av_textblock_section.av-l0q6r2ng-e01b189862ff0a9ba2c315b4b5e97f2f .avia_textblock{\ntext-align:justify;\n}\n<\/style>\n<section  class='av_textblock_section av-l0q6r2ng-e01b189862ff0a9ba2c315b4b5e97f2f'  itemscope=\"itemscope\" itemtype=\"https:\/\/schema.org\/CreativeWork\" ><div class='avia_textblock'  itemprop=\"text\" ><p>W ASKLA wierzymy, \u017ce inteligentna automatyzacja zada\u0144 przetwarzania, obr\u00f3bki i pobierania tworzyw sztucznych pomog\u0105 zwi\u0119kszy\u0107 wydajno\u015b\u0107 producent\u00f3w w tej bran\u017cy. Firma ASKLA dostarcza wiele rozwi\u0105za\u0144 optymalizuj\u0105cych prac\u0119 w bran\u017cy obr\u00f3bki tworzyw sztucznych.<\/p>\n<\/div><\/section><\/p>\n<\/div><\/div>\n<style type=\"text\/css\" data-created_by=\"avia_inline_auto\" id=\"style-css-av-ilzaj-c9853a859f83aa47c539f4099b303882\">\n.flex_cell.av-ilzaj-c9853a859f83aa47c539f4099b303882{\nvertical-align:top;\n}\n<\/style>\n<div class='flex_cell av_one_third av-ilzaj-c9853a859f83aa47c539f4099b303882 no_margin  avia-builder-el-4  el_after_av_cell_two_third  avia-builder-el-last ' ><div class='flex_cell_inner'>\n<style type=\"text\/css\" data-created_by=\"avia_inline_auto\" id=\"style-css-av-l0q6qvdv-43c9d6f6d08cbcfad45568e7eac99172\">\n.avia-image-container.av-l0q6qvdv-43c9d6f6d08cbcfad45568e7eac99172 .av-image-caption-overlay-center{\ncolor:#ffffff;\n}\n<\/style>\n<div  class='avia-image-container av-l0q6qvdv-43c9d6f6d08cbcfad45568e7eac99172 av-styling- av-hover-grow av-hide-overflow avia-align-center  avia-builder-el-5  avia-builder-el-no-sibling '  itemprop=\"image\" itemscope=\"itemscope\" itemtype=\"https:\/\/schema.org\/ImageObject\" ><div class=\"avia-image-container-inner\"><div class=\"avia-image-overlay-wrap\"><img loading=\"lazy\" decoding=\"async\" class='wp-image-1305 avia-img-lazy-loading-1305 avia_image' src=\"https:\/\/askla.pl\/wp-content\/uploads\/2022\/04\/maszyna-do-produkcji-maseczek-higienicznych.jpg\" alt='' title='Maszyna do produkcji maseczek higienicznych'  height=\"800\" width=\"1200\"  itemprop=\"thumbnailUrl\" srcset=\"https:\/\/askla.pl\/wp-content\/uploads\/2022\/04\/maszyna-do-produkcji-maseczek-higienicznych.jpg 1200w, https:\/\/askla.pl\/wp-content\/uploads\/2022\/04\/maszyna-do-produkcji-maseczek-higienicznych-300x200.jpg 300w, https:\/\/askla.pl\/wp-content\/uploads\/2022\/04\/maszyna-do-produkcji-maseczek-higienicznych-1030x687.jpg 1030w, https:\/\/askla.pl\/wp-content\/uploads\/2022\/04\/maszyna-do-produkcji-maseczek-higienicznych-768x512.jpg 768w, https:\/\/askla.pl\/wp-content\/uploads\/2022\/04\/maszyna-do-produkcji-maseczek-higienicznych-705x470.jpg 705w\" sizes=\"auto, (max-width: 1200px) 100vw, 1200px\" \/><\/div><\/div><\/div>\n<\/div><\/div><\/div>\n<style type=\"text\/css\" data-created_by=\"avia_inline_auto\" id=\"style-css-av-hnau3-2908ce09dab773e82afb5f147559b2b0\">\n.avia-section.av-hnau3-2908ce09dab773e82afb5f147559b2b0{\nbackground-color:#f7f7f7;\n}\n<\/style>\n<div id='av_section_1'  class='avia-section av-hnau3-2908ce09dab773e82afb5f147559b2b0 main_color avia-section-default avia-no-border-styling  avia-builder-el-6  el_after_av_layout_row  avia-builder-el-last  avia-bg-style-scroll container_wrap fullsize'  ><div class='container av-section-cont-open' ><div class='template-page content  av-content-full alpha units'><div class='post-entry post-entry-type-page post-entry-1483'><div class='entry-content-wrapper clearfix'>\n\n<style type=\"text\/css\" data-created_by=\"avia_inline_auto\" id=\"style-css-av-l0q6pegw-3853cdbe443a8457c38771ba382ab4c0\">\n#top .av-special-heading.av-l0q6pegw-3853cdbe443a8457c38771ba382ab4c0{\npadding-bottom:10px;\n}\nbody .av-special-heading.av-l0q6pegw-3853cdbe443a8457c38771ba382ab4c0 .av-special-heading-tag .heading-char{\nfont-size:25px;\n}\n.av-special-heading.av-l0q6pegw-3853cdbe443a8457c38771ba382ab4c0 .av-subheading{\nfont-size:15px;\n}\n<\/style>\n<div  class='av-special-heading av-l0q6pegw-3853cdbe443a8457c38771ba382ab4c0 av-special-heading-h2 blockquote modern-quote  avia-builder-el-7  el_before_av_masonry_gallery  avia-builder-el-no-sibling  av-thin-font'><h2 class='av-special-heading-tag'  itemprop=\"headline\"  ><strong>Przemys\u0142 tworzyw sztucznych<\/h2><div class='av-subheading av-subheading_below'><p>Realizacje<\/strong><\/p>\n<\/div><div class=\"special-heading-border\"><div class=\"special-heading-inner-border\"><\/div><\/div><\/div>\n<div id='av-masonry-1' class='av-masonry av-ao563-d16ce38696ad1f33fecb405c781ba8f1 noHover av-fixed-size av-large-gap av-hover-overlay-desaturation av-masonry-animation-active av-masonry-col-4 av-caption-always av-caption-style- av-masonry-gallery '><div class=\"av-masonry-container isotope av-js-disabled\"><div class='av-masonry-entry isotope-item av-masonry-item-no-image '><\/div><a href=\"https:\/\/askla.pl\/wp-content\/uploads\/2022\/04\/maszyna-do-produkcji-maseczek-higienicznych-1030x687.jpg\" data-srcset=\"https:\/\/askla.pl\/wp-content\/uploads\/2022\/04\/maszyna-do-produkcji-maseczek-higienicznych-1030x687.jpg 1030w, https:\/\/askla.pl\/wp-content\/uploads\/2022\/04\/maszyna-do-produkcji-maseczek-higienicznych-300x200.jpg 300w, https:\/\/askla.pl\/wp-content\/uploads\/2022\/04\/maszyna-do-produkcji-maseczek-higienicznych-768x512.jpg 768w, https:\/\/askla.pl\/wp-content\/uploads\/2022\/04\/maszyna-do-produkcji-maseczek-higienicznych-705x470.jpg 705w, https:\/\/askla.pl\/wp-content\/uploads\/2022\/04\/maszyna-do-produkcji-maseczek-higienicznych.jpg 1200w\" data-sizes=\"(max-width: 1030px) 100vw, 1030px\"  aria-label=\"image Maszyna do produkcji maseczek higienicznych\"  id='av-masonry-1-item-1305' data-av-masonry-item='1305' class='av-masonry-entry isotope-item post-1305 attachment type-attachment status-inherit hentry  av-masonry-item-with-image' title=\"Maszyna do produkcji maseczek higienicznych\" alt=\"\"   itemprop=\"thumbnailUrl\" ><div class='av-inner-masonry-sizer'><\/div><figure class='av-inner-masonry main_color'><div class=\"av-masonry-outerimage-container\"><div class='av-masonry-image-container' style=\"background-image: url(https:\/\/askla.pl\/wp-content\/uploads\/2022\/04\/maszyna-do-produkcji-maseczek-higienicznych-705x470.jpg);\"  title=\"Maszyna do produkcji maseczek higienicznych\"  ><\/div><\/div><\/figure><\/a><!--end av-masonry entry--><a href=\"https:\/\/askla.pl\/wp-content\/uploads\/2022\/04\/maszyna-do-produkcji-maseczek-hirurgicznych-1030x687.jpg\" data-srcset=\"https:\/\/askla.pl\/wp-content\/uploads\/2022\/04\/maszyna-do-produkcji-maseczek-hirurgicznych-1030x687.jpg 1030w, https:\/\/askla.pl\/wp-content\/uploads\/2022\/04\/maszyna-do-produkcji-maseczek-hirurgicznych-300x200.jpg 300w, https:\/\/askla.pl\/wp-content\/uploads\/2022\/04\/maszyna-do-produkcji-maseczek-hirurgicznych-768x512.jpg 768w, https:\/\/askla.pl\/wp-content\/uploads\/2022\/04\/maszyna-do-produkcji-maseczek-hirurgicznych-705x470.jpg 705w, https:\/\/askla.pl\/wp-content\/uploads\/2022\/04\/maszyna-do-produkcji-maseczek-hirurgicznych.jpg 1200w\" data-sizes=\"(max-width: 1030px) 100vw, 1030px\"  aria-label=\"image Maszyna do produkcji maseczek chirurgicznych\"  id='av-masonry-1-item-1307' data-av-masonry-item='1307' class='av-masonry-entry isotope-item post-1307 attachment type-attachment status-inherit hentry  av-masonry-item-with-image' title=\"Maszyna do produkcji maseczek chirurgicznych\" alt=\"\"   itemprop=\"thumbnailUrl\" ><div class='av-inner-masonry-sizer'><\/div><figure class='av-inner-masonry main_color'><div class=\"av-masonry-outerimage-container\"><div class='av-masonry-image-container' style=\"background-image: url(https:\/\/askla.pl\/wp-content\/uploads\/2022\/04\/maszyna-do-produkcji-maseczek-hirurgicznych-705x470.jpg);\"  title=\"Maszyna do produkcji maseczek chirurgicznych\"  ><\/div><\/div><\/figure><\/a><!--end av-masonry entry--><a href=\"https:\/\/askla.pl\/wp-content\/uploads\/2022\/04\/maszyna-do-produkcji-tasmy-dylatacyjnej-2-1030x689.jpg\" data-srcset=\"https:\/\/askla.pl\/wp-content\/uploads\/2022\/04\/maszyna-do-produkcji-tasmy-dylatacyjnej-2-1030x689.jpg 1030w, https:\/\/askla.pl\/wp-content\/uploads\/2022\/04\/maszyna-do-produkcji-tasmy-dylatacyjnej-2-300x201.jpg 300w, https:\/\/askla.pl\/wp-content\/uploads\/2022\/04\/maszyna-do-produkcji-tasmy-dylatacyjnej-2-768x514.jpg 768w, https:\/\/askla.pl\/wp-content\/uploads\/2022\/04\/maszyna-do-produkcji-tasmy-dylatacyjnej-2-705x472.jpg 705w, https:\/\/askla.pl\/wp-content\/uploads\/2022\/04\/maszyna-do-produkcji-tasmy-dylatacyjnej-2.jpg 1200w\" data-sizes=\"(max-width: 1030px) 100vw, 1030px\"  aria-label=\"image Maszyna do produkcji ta\u015bmy dylatacyjnej\"  id='av-masonry-1-item-1309' data-av-masonry-item='1309' class='av-masonry-entry isotope-item post-1309 attachment type-attachment status-inherit hentry  av-masonry-item-with-image' title=\"Maszyna do produkcji ta\u015bmy dylatacyjnej\" alt=\"\"   itemprop=\"thumbnailUrl\" ><div class='av-inner-masonry-sizer'><\/div><figure class='av-inner-masonry main_color'><div class=\"av-masonry-outerimage-container\"><div class='av-masonry-image-container' style=\"background-image: url(https:\/\/askla.pl\/wp-content\/uploads\/2022\/04\/maszyna-do-produkcji-tasmy-dylatacyjnej-2-705x472.jpg);\"  title=\"Maszyna do produkcji ta\u015bmy dylatacyjnej\"  ><\/div><\/div><\/figure><\/a><!--end av-masonry entry--><a href=\"https:\/\/askla.pl\/wp-content\/uploads\/2022\/04\/maszyna-do-produkcji-tasmy-dylatacyjnej-1030x687.jpg\" data-srcset=\"https:\/\/askla.pl\/wp-content\/uploads\/2022\/04\/maszyna-do-produkcji-tasmy-dylatacyjnej-1030x687.jpg 1030w, https:\/\/askla.pl\/wp-content\/uploads\/2022\/04\/maszyna-do-produkcji-tasmy-dylatacyjnej-300x200.jpg 300w, https:\/\/askla.pl\/wp-content\/uploads\/2022\/04\/maszyna-do-produkcji-tasmy-dylatacyjnej-768x512.jpg 768w, https:\/\/askla.pl\/wp-content\/uploads\/2022\/04\/maszyna-do-produkcji-tasmy-dylatacyjnej-705x470.jpg 705w, https:\/\/askla.pl\/wp-content\/uploads\/2022\/04\/maszyna-do-produkcji-tasmy-dylatacyjnej.jpg 1200w\" data-sizes=\"(max-width: 1030px) 100vw, 1030px\"  aria-label=\"image Maszyna do produkcji ta\u015bmy dylatacyjnej\"  id='av-masonry-1-item-1311' data-av-masonry-item='1311' class='av-masonry-entry isotope-item post-1311 attachment type-attachment status-inherit hentry  av-masonry-item-with-image' title=\"Maszyna do produkcji ta\u015bmy dylatacyjnej\" alt=\"\"   itemprop=\"thumbnailUrl\" ><div class='av-inner-masonry-sizer'><\/div><figure class='av-inner-masonry main_color'><div class=\"av-masonry-outerimage-container\"><div class='av-masonry-image-container' style=\"background-image: url(https:\/\/askla.pl\/wp-content\/uploads\/2022\/04\/maszyna-do-produkcji-tasmy-dylatacyjnej-705x470.jpg);\"  title=\"Maszyna do produkcji ta\u015bmy dylatacyjnej\"  ><\/div><\/div><\/figure><\/a><!--end av-masonry entry--><a href=\"https:\/\/askla.pl\/wp-content\/uploads\/2022\/04\/linia-do-produkcji-materacy-1030x687.jpg\" data-srcset=\"https:\/\/askla.pl\/wp-content\/uploads\/2022\/04\/linia-do-produkcji-materacy-1030x687.jpg 1030w, https:\/\/askla.pl\/wp-content\/uploads\/2022\/04\/linia-do-produkcji-materacy-300x200.jpg 300w, https:\/\/askla.pl\/wp-content\/uploads\/2022\/04\/linia-do-produkcji-materacy-768x512.jpg 768w, https:\/\/askla.pl\/wp-content\/uploads\/2022\/04\/linia-do-produkcji-materacy-705x470.jpg 705w, https:\/\/askla.pl\/wp-content\/uploads\/2022\/04\/linia-do-produkcji-materacy.jpg 1200w\" data-sizes=\"(max-width: 1030px) 100vw, 1030px\"  aria-label=\"image Linia do produkcji materacy\"  id='av-masonry-1-item-1313' data-av-masonry-item='1313' class='av-masonry-entry isotope-item post-1313 attachment type-attachment status-inherit hentry  av-masonry-item-with-image' title=\"Linia do produkcji materacy\" alt=\"\"   itemprop=\"thumbnailUrl\" ><div class='av-inner-masonry-sizer'><\/div><figure class='av-inner-masonry main_color'><div class=\"av-masonry-outerimage-container\"><div class='av-masonry-image-container' style=\"background-image: url(https:\/\/askla.pl\/wp-content\/uploads\/2022\/04\/linia-do-produkcji-materacy-705x470.jpg);\"  title=\"Linia do produkcji materacy\"  ><\/div><\/div><\/figure><\/a><!--end av-masonry entry--><a href=\"https:\/\/askla.pl\/wp-content\/uploads\/2022\/04\/linia-do-produkcji-oscieznic-1030x687.jpg\" data-srcset=\"https:\/\/askla.pl\/wp-content\/uploads\/2022\/04\/linia-do-produkcji-oscieznic-1030x687.jpg 1030w, https:\/\/askla.pl\/wp-content\/uploads\/2022\/04\/linia-do-produkcji-oscieznic-300x200.jpg 300w, https:\/\/askla.pl\/wp-content\/uploads\/2022\/04\/linia-do-produkcji-oscieznic-768x512.jpg 768w, https:\/\/askla.pl\/wp-content\/uploads\/2022\/04\/linia-do-produkcji-oscieznic-705x470.jpg 705w, https:\/\/askla.pl\/wp-content\/uploads\/2022\/04\/linia-do-produkcji-oscieznic.jpg 1200w\" data-sizes=\"(max-width: 1030px) 100vw, 1030px\"  aria-label=\"image Linia do produkcji o\u015bcie\u017cnic\"  id='av-masonry-1-item-1315' data-av-masonry-item='1315' class='av-masonry-entry isotope-item post-1315 attachment type-attachment status-inherit hentry  av-masonry-item-with-image' title=\"Linia do produkcji o\u015bcie\u017cnic\" alt=\"\"   itemprop=\"thumbnailUrl\" ><div class='av-inner-masonry-sizer'><\/div><figure class='av-inner-masonry main_color'><div class=\"av-masonry-outerimage-container\"><div class='av-masonry-image-container' style=\"background-image: url(https:\/\/askla.pl\/wp-content\/uploads\/2022\/04\/linia-do-produkcji-oscieznic-705x470.jpg);\"  title=\"Linia do produkcji o\u015bcie\u017cnic\"  ><\/div><\/div><\/figure><\/a><!--end av-masonry entry--><a href=\"https:\/\/askla.pl\/wp-content\/uploads\/2022\/04\/linia-do-produkcji-oscieznic-drzwiowych-1030x687.jpg\" data-srcset=\"https:\/\/askla.pl\/wp-content\/uploads\/2022\/04\/linia-do-produkcji-oscieznic-drzwiowych-1030x687.jpg 1030w, https:\/\/askla.pl\/wp-content\/uploads\/2022\/04\/linia-do-produkcji-oscieznic-drzwiowych-300x200.jpg 300w, https:\/\/askla.pl\/wp-content\/uploads\/2022\/04\/linia-do-produkcji-oscieznic-drzwiowych-768x512.jpg 768w, https:\/\/askla.pl\/wp-content\/uploads\/2022\/04\/linia-do-produkcji-oscieznic-drzwiowych-705x470.jpg 705w, https:\/\/askla.pl\/wp-content\/uploads\/2022\/04\/linia-do-produkcji-oscieznic-drzwiowych.jpg 1200w\" data-sizes=\"(max-width: 1030px) 100vw, 1030px\"  aria-label=\"image Linia do produkcji o\u015bcie\u017cnic drzwiowych\"  id='av-masonry-1-item-1317' data-av-masonry-item='1317' class='av-masonry-entry isotope-item post-1317 attachment type-attachment status-inherit hentry  av-masonry-item-with-image' title=\"Linia do produkcji o\u015bcie\u017cnic drzwiowych\" alt=\"\"   itemprop=\"thumbnailUrl\" ><div class='av-inner-masonry-sizer'><\/div><figure class='av-inner-masonry main_color'><div class=\"av-masonry-outerimage-container\"><div class='av-masonry-image-container' style=\"background-image: url(https:\/\/askla.pl\/wp-content\/uploads\/2022\/04\/linia-do-produkcji-oscieznic-drzwiowych-705x470.jpg);\"  title=\"Linia do produkcji o\u015bcie\u017cnic drzwiowych\"  ><\/div><\/div><\/figure><\/a><!--end av-masonry entry--><\/div><\/div>\n<\/p>\n","protected":false},"excerpt":{"rendered":"","protected":false},"author":1,"featured_media":0,"parent":0,"menu_order":0,"comment_status":"closed","ping_status":"closed","template":"","meta":{"footnotes":""},"class_list":["post-1483","page","type-page","status-publish","hentry"],"_links":{"self":[{"href":"https:\/\/askla.pl\/en\/wp-json\/wp\/v2\/pages\/1483","targetHints":{"allow":["GET"]}}],"collection":[{"href":"https:\/\/askla.pl\/en\/wp-json\/wp\/v2\/pages"}],"about":[{"href":"https:\/\/askla.pl\/en\/wp-json\/wp\/v2\/types\/page"}],"author":[{"embeddable":true,"href":"https:\/\/askla.pl\/en\/wp-json\/wp\/v2\/users\/1"}],"replies":[{"embeddable":true,"href":"https:\/\/askla.pl\/en\/wp-json\/wp\/v2\/comments?post=1483"}],"version-history":[{"count":3,"href":"https:\/\/askla.pl\/en\/wp-json\/wp\/v2\/pages\/1483\/revisions"}],"predecessor-version":[{"id":1642,"href":"https:\/\/askla.pl\/en\/wp-json\/wp\/v2\/pages\/1483\/revisions\/1642"}],"wp:attachment":[{"href":"https:\/\/askla.pl\/en\/wp-json\/wp\/v2\/media?parent=1483"}],"curies":[{"name":"wp","href":"https:\/\/api.w.org\/{rel}","templated":true}]}}