{"id":1485,"date":"2022-03-14T05:13:19","date_gmt":"2022-03-14T04:13:19","guid":{"rendered":"https:\/\/askla.pl\/other-industries\/"},"modified":"2022-08-25T06:48:23","modified_gmt":"2022-08-25T04:48:23","slug":"other-industries","status":"publish","type":"page","link":"https:\/\/askla.pl\/en\/other-industries\/","title":{"rendered":"Other industries"},"content":{"rendered":"<div id='av-layout-grid-1'  class='av-layout-grid-container av-3h18m-4021ccf4a74ba1e062d1712e41ced3a2 entry-content-wrapper main_color av-flex-cells  avia-builder-el-0  el_before_av_section  avia-builder-el-first   container_wrap fullsize'  >\n\n<style type=\"text\/css\" data-created_by=\"avia_inline_auto\" id=\"style-css-av-q0odi-77bc22fd9ad87dd94b1a939183447110\">\n.flex_cell.av-q0odi-77bc22fd9ad87dd94b1a939183447110{\nvertical-align:middle;\n}\n<\/style>\n<div class='flex_cell av_two_third av-q0odi-77bc22fd9ad87dd94b1a939183447110 no_margin  avia-builder-el-1  el_before_av_cell_one_third  avia-builder-el-first ' ><div class='flex_cell_inner'><p>\n<style type=\"text\/css\" data-created_by=\"avia_inline_auto\" id=\"style-css-av-l0q6szv0-1ef12e1334dd1faca3db1b11f7c72551\">\n#top .av-special-heading.av-l0q6szv0-1ef12e1334dd1faca3db1b11f7c72551{\npadding-bottom:10px;\n}\nbody .av-special-heading.av-l0q6szv0-1ef12e1334dd1faca3db1b11f7c72551 .av-special-heading-tag .heading-char{\nfont-size:25px;\n}\n.av-special-heading.av-l0q6szv0-1ef12e1334dd1faca3db1b11f7c72551 .av-subheading{\nfont-size:15px;\n}\n<\/style>\n<div  class='av-special-heading av-l0q6szv0-1ef12e1334dd1faca3db1b11f7c72551 av-special-heading-h2 blockquote modern-quote  avia-builder-el-2  el_before_av_textblock  avia-builder-el-first  av-thin-font'><h2 class='av-special-heading-tag'  itemprop=\"headline\"  ><strong>Other industries<\/strong><\/h2><div class=\"special-heading-border\"><div class=\"special-heading-inner-border\"><\/div><\/div><\/div><br \/>\n\n<style type=\"text\/css\" data-created_by=\"avia_inline_auto\" id=\"style-css-av-l0q6ti7d-98cbf0269afe98046e084400a2f8c9d5\">\n#top .av_textblock_section.av-l0q6ti7d-98cbf0269afe98046e084400a2f8c9d5 .avia_textblock{\ntext-align:justify;\n}\n<\/style>\n<section  class='av_textblock_section av-l0q6ti7d-98cbf0269afe98046e084400a2f8c9d5'  itemscope=\"itemscope\" itemtype=\"https:\/\/schema.org\/CreativeWork\" ><div class='avia_textblock'  itemprop=\"text\" ><p>Whether it is high-precision machining or extremely complex production processes: Our products and innovative solutions find their way into almost every industry.<\/p>\n<\/div><\/section><\/p>\n<\/div><\/div>\n<style type=\"text\/css\" data-created_by=\"avia_inline_auto\" id=\"style-css-av-2c1xi-c1921eeaf0de331e8fa12da56ac8c99a\">\n.flex_cell.av-2c1xi-c1921eeaf0de331e8fa12da56ac8c99a{\nvertical-align:top;\n}\n<\/style>\n<div class='flex_cell av_one_third av-2c1xi-c1921eeaf0de331e8fa12da56ac8c99a no_margin  avia-builder-el-4  el_after_av_cell_two_third  avia-builder-el-last ' ><div class='flex_cell_inner'>\n<style type=\"text\/css\" data-created_by=\"avia_inline_auto\" id=\"style-css-av-l0q6x6hb-daa04c88dd067130dbd8249ae7fd312c\">\n.avia-image-container.av-l0q6x6hb-daa04c88dd067130dbd8249ae7fd312c .av-image-caption-overlay-center{\ncolor:#ffffff;\n}\n<\/style>\n<div  class='avia-image-container av-l0q6x6hb-daa04c88dd067130dbd8249ae7fd312c av-styling- av-hover-grow av-hide-overflow avia-align-center  avia-builder-el-5  avia-builder-el-no-sibling '  itemprop=\"image\" itemscope=\"itemscope\" itemtype=\"https:\/\/schema.org\/ImageObject\" ><div class=\"avia-image-container-inner\"><div class=\"avia-image-overlay-wrap\"><img loading=\"lazy\" decoding=\"async\" class='wp-image-1373 avia-img-lazy-loading-1373 avia_image' src=\"https:\/\/askla.pl\/wp-content\/uploads\/2022\/04\/3-modul-do-skladania-i-klejenia-kartonow-2.jpg\" alt='' title='Modu\u0142 do sk\u0142adania i klejenia karton\u00f3w'  height=\"800\" width=\"1200\"  itemprop=\"thumbnailUrl\" srcset=\"https:\/\/askla.pl\/wp-content\/uploads\/2022\/04\/3-modul-do-skladania-i-klejenia-kartonow-2.jpg 1200w, https:\/\/askla.pl\/wp-content\/uploads\/2022\/04\/3-modul-do-skladania-i-klejenia-kartonow-2-300x200.jpg 300w, https:\/\/askla.pl\/wp-content\/uploads\/2022\/04\/3-modul-do-skladania-i-klejenia-kartonow-2-1030x687.jpg 1030w, https:\/\/askla.pl\/wp-content\/uploads\/2022\/04\/3-modul-do-skladania-i-klejenia-kartonow-2-768x512.jpg 768w, https:\/\/askla.pl\/wp-content\/uploads\/2022\/04\/3-modul-do-skladania-i-klejenia-kartonow-2-705x470.jpg 705w\" sizes=\"auto, (max-width: 1200px) 100vw, 1200px\" \/><\/div><\/div><\/div>\n<\/div><\/div>\n<\/div>\n\n<style type=\"text\/css\" data-created_by=\"avia_inline_auto\" id=\"style-css-av-h1l7a-00b13a9b464c59badbae92ea8b0bde6a\">\n.avia-section.av-h1l7a-00b13a9b464c59badbae92ea8b0bde6a{\nbackground-color:#f7f7f7;\n}\n<\/style>\n<div id='av_section_1'  class='avia-section av-h1l7a-00b13a9b464c59badbae92ea8b0bde6a main_color avia-section-default avia-no-border-styling  avia-builder-el-6  el_after_av_layout_row  avia-builder-el-last  avia-bg-style-scroll container_wrap fullsize'  ><div class='container av-section-cont-open' ><div class='template-page content  av-content-full alpha units'><div class='post-entry post-entry-type-page post-entry-1485'><div class='entry-content-wrapper clearfix'>\n\n<style type=\"text\/css\" data-created_by=\"avia_inline_auto\" id=\"style-css-av-l0q6t4wb-d2709e8856369aba9c66fa5f342dd71f\">\n#top .av-special-heading.av-l0q6t4wb-d2709e8856369aba9c66fa5f342dd71f{\npadding-bottom:10px;\n}\nbody .av-special-heading.av-l0q6t4wb-d2709e8856369aba9c66fa5f342dd71f .av-special-heading-tag .heading-char{\nfont-size:25px;\n}\n.av-special-heading.av-l0q6t4wb-d2709e8856369aba9c66fa5f342dd71f .av-subheading{\nfont-size:15px;\n}\n<\/style>\n<div  class='av-special-heading av-l0q6t4wb-d2709e8856369aba9c66fa5f342dd71f av-special-heading-h2 blockquote modern-quote  avia-builder-el-7  el_before_av_masonry_gallery  avia-builder-el-no-sibling  av-thin-font'><h2 class='av-special-heading-tag'  itemprop=\"headline\"  ><strong>Other industries<\/h2><div class='av-subheading av-subheading_below'><p>Realizations<\/strong><\/p>\n<\/div><div class=\"special-heading-border\"><div class=\"special-heading-inner-border\"><\/div><\/div><\/div>\n<div id='av-masonry-1' class='av-masonry av-8twwu-f0607f3a9d373f882178c3f2074315b7 noHover av-fixed-size av-large-gap av-hover-overlay-desaturation av-masonry-animation-active av-masonry-col-4 av-caption-always av-caption-style- av-masonry-gallery '><div class=\"av-masonry-container isotope av-js-disabled\"><div class='av-masonry-entry isotope-item av-masonry-item-no-image '><\/div><a href=\"https:\/\/askla.pl\/wp-content\/uploads\/2022\/04\/3-modul-do-skladania-i-klejenia-kartonow-2-1030x687.jpg\" data-srcset=\"https:\/\/askla.pl\/wp-content\/uploads\/2022\/04\/3-modul-do-skladania-i-klejenia-kartonow-2-1030x687.jpg 1030w, https:\/\/askla.pl\/wp-content\/uploads\/2022\/04\/3-modul-do-skladania-i-klejenia-kartonow-2-300x200.jpg 300w, https:\/\/askla.pl\/wp-content\/uploads\/2022\/04\/3-modul-do-skladania-i-klejenia-kartonow-2-768x512.jpg 768w, https:\/\/askla.pl\/wp-content\/uploads\/2022\/04\/3-modul-do-skladania-i-klejenia-kartonow-2-705x470.jpg 705w, https:\/\/askla.pl\/wp-content\/uploads\/2022\/04\/3-modul-do-skladania-i-klejenia-kartonow-2.jpg 1200w\" data-sizes=\"(max-width: 1030px) 100vw, 1030px\"  aria-label=\"image Modu\u0142 do sk\u0142adania i klejenia karton\u00f3w\"  id='av-masonry-1-item-1373' data-av-masonry-item='1373' class='av-masonry-entry isotope-item post-1373 attachment type-attachment status-inherit hentry  av-masonry-item-with-image' title=\"Modu\u0142 do sk\u0142adania i klejenia karton\u00f3w\" alt=\"\"   itemprop=\"thumbnailUrl\" ><div class='av-inner-masonry-sizer'><\/div><figure class='av-inner-masonry main_color'><div class=\"av-masonry-outerimage-container\"><div class='av-masonry-image-container' style=\"background-image: url(https:\/\/askla.pl\/wp-content\/uploads\/2022\/04\/3-modul-do-skladania-i-klejenia-kartonow-2-705x470.jpg);\"  title=\"Modu\u0142 do sk\u0142adania i klejenia karton\u00f3w\"  ><\/div><\/div><\/figure><\/a><!--end av-masonry entry--><a href=\"https:\/\/askla.pl\/wp-content\/uploads\/2022\/04\/3-1modul-do-skladania-i-klejenia-kartonow-1030x872.jpg\" data-srcset=\"https:\/\/askla.pl\/wp-content\/uploads\/2022\/04\/3-1modul-do-skladania-i-klejenia-kartonow-1030x872.jpg 1030w, https:\/\/askla.pl\/wp-content\/uploads\/2022\/04\/3-1modul-do-skladania-i-klejenia-kartonow-300x254.jpg 300w, https:\/\/askla.pl\/wp-content\/uploads\/2022\/04\/3-1modul-do-skladania-i-klejenia-kartonow-768x650.jpg 768w, https:\/\/askla.pl\/wp-content\/uploads\/2022\/04\/3-1modul-do-skladania-i-klejenia-kartonow-705x597.jpg 705w, https:\/\/askla.pl\/wp-content\/uploads\/2022\/04\/3-1modul-do-skladania-i-klejenia-kartonow.jpg 1200w\" data-sizes=\"(max-width: 1030px) 100vw, 1030px\"  aria-label=\"image Modu\u0142 do sk\u0142adania i klejenia karton\u00f3w\"  id='av-masonry-1-item-1369' data-av-masonry-item='1369' class='av-masonry-entry isotope-item post-1369 attachment type-attachment status-inherit hentry  av-masonry-item-with-image' title=\"Modu\u0142 do sk\u0142adania i klejenia karton\u00f3w\" alt=\"\"   itemprop=\"thumbnailUrl\" ><div class='av-inner-masonry-sizer'><\/div><figure class='av-inner-masonry main_color'><div class=\"av-masonry-outerimage-container\"><div class='av-masonry-image-container' style=\"background-image: url(https:\/\/askla.pl\/wp-content\/uploads\/2022\/04\/3-1modul-do-skladania-i-klejenia-kartonow-705x597.jpg);\"  title=\"Modu\u0142 do sk\u0142adania i klejenia karton\u00f3w\"  ><\/div><\/div><\/figure><\/a><!--end av-masonry entry--><a href=\"https:\/\/askla.pl\/wp-content\/uploads\/2022\/04\/3-stanowisko-paletyzacji-paczek-1030x687.jpg\" data-srcset=\"https:\/\/askla.pl\/wp-content\/uploads\/2022\/04\/3-stanowisko-paletyzacji-paczek-1030x687.jpg 1030w, https:\/\/askla.pl\/wp-content\/uploads\/2022\/04\/3-stanowisko-paletyzacji-paczek-300x200.jpg 300w, https:\/\/askla.pl\/wp-content\/uploads\/2022\/04\/3-stanowisko-paletyzacji-paczek-768x512.jpg 768w, https:\/\/askla.pl\/wp-content\/uploads\/2022\/04\/3-stanowisko-paletyzacji-paczek-705x470.jpg 705w, https:\/\/askla.pl\/wp-content\/uploads\/2022\/04\/3-stanowisko-paletyzacji-paczek.jpg 1200w\" data-sizes=\"(max-width: 1030px) 100vw, 1030px\"  aria-label=\"image Stanowisko paletyzacji paczek\"  id='av-masonry-1-item-1363' data-av-masonry-item='1363' class='av-masonry-entry isotope-item post-1363 attachment type-attachment status-inherit hentry  av-masonry-item-with-image' title=\"Stanowisko paletyzacji paczek\" alt=\"\"   itemprop=\"thumbnailUrl\" ><div class='av-inner-masonry-sizer'><\/div><figure class='av-inner-masonry main_color'><div class=\"av-masonry-outerimage-container\"><div class='av-masonry-image-container' style=\"background-image: url(https:\/\/askla.pl\/wp-content\/uploads\/2022\/04\/3-stanowisko-paletyzacji-paczek-705x470.jpg);\"  title=\"Stanowisko paletyzacji paczek\"  ><\/div><\/div><\/figure><\/a><!--end av-masonry entry--><a href=\"https:\/\/askla.pl\/wp-content\/uploads\/2022\/04\/3-stanowisko-do-paletyzacji-elementow-plytowych-1030x687.jpg\" data-srcset=\"https:\/\/askla.pl\/wp-content\/uploads\/2022\/04\/3-stanowisko-do-paletyzacji-elementow-plytowych-1030x687.jpg 1030w, https:\/\/askla.pl\/wp-content\/uploads\/2022\/04\/3-stanowisko-do-paletyzacji-elementow-plytowych-300x200.jpg 300w, https:\/\/askla.pl\/wp-content\/uploads\/2022\/04\/3-stanowisko-do-paletyzacji-elementow-plytowych-768x512.jpg 768w, https:\/\/askla.pl\/wp-content\/uploads\/2022\/04\/3-stanowisko-do-paletyzacji-elementow-plytowych-705x470.jpg 705w, https:\/\/askla.pl\/wp-content\/uploads\/2022\/04\/3-stanowisko-do-paletyzacji-elementow-plytowych.jpg 1200w\" data-sizes=\"(max-width: 1030px) 100vw, 1030px\"  aria-label=\"image Stanowisko do paletyzacji element\u00f3w p\u0142ytowych\"  id='av-masonry-1-item-1361' data-av-masonry-item='1361' class='av-masonry-entry isotope-item post-1361 attachment type-attachment status-inherit hentry  av-masonry-item-with-image' title=\"Stanowisko do paletyzacji element\u00f3w p\u0142ytowych\" alt=\"\"   itemprop=\"thumbnailUrl\" ><div class='av-inner-masonry-sizer'><\/div><figure class='av-inner-masonry main_color'><div class=\"av-masonry-outerimage-container\"><div class='av-masonry-image-container' style=\"background-image: url(https:\/\/askla.pl\/wp-content\/uploads\/2022\/04\/3-stanowisko-do-paletyzacji-elementow-plytowych-705x470.jpg);\"  title=\"Stanowisko do paletyzacji element\u00f3w p\u0142ytowych\"  ><\/div><\/div><\/figure><\/a><!--end av-masonry entry--><a href=\"https:\/\/askla.pl\/wp-content\/uploads\/2022\/04\/3-modul-do-skladania-i-klejenia-kartonow-1030x687.jpg\" data-srcset=\"https:\/\/askla.pl\/wp-content\/uploads\/2022\/04\/3-modul-do-skladania-i-klejenia-kartonow-1030x687.jpg 1030w, https:\/\/askla.pl\/wp-content\/uploads\/2022\/04\/3-modul-do-skladania-i-klejenia-kartonow-300x200.jpg 300w, https:\/\/askla.pl\/wp-content\/uploads\/2022\/04\/3-modul-do-skladania-i-klejenia-kartonow-768x512.jpg 768w, https:\/\/askla.pl\/wp-content\/uploads\/2022\/04\/3-modul-do-skladania-i-klejenia-kartonow-705x470.jpg 705w, https:\/\/askla.pl\/wp-content\/uploads\/2022\/04\/3-modul-do-skladania-i-klejenia-kartonow.jpg 1200w\" data-sizes=\"(max-width: 1030px) 100vw, 1030px\"  aria-label=\"image Modu\u0142 do sk\u0142adania i klejenia karton\u00f3w\"  id='av-masonry-1-item-1357' data-av-masonry-item='1357' class='av-masonry-entry isotope-item post-1357 attachment type-attachment status-inherit hentry  av-masonry-item-with-image' title=\"Modu\u0142 do sk\u0142adania i klejenia karton\u00f3w\" alt=\"\"   itemprop=\"thumbnailUrl\" ><div class='av-inner-masonry-sizer'><\/div><figure class='av-inner-masonry main_color'><div class=\"av-masonry-outerimage-container\"><div class='av-masonry-image-container' style=\"background-image: url(https:\/\/askla.pl\/wp-content\/uploads\/2022\/04\/3-modul-do-skladania-i-klejenia-kartonow-705x470.jpg);\"  title=\"Modu\u0142 do sk\u0142adania i klejenia karton\u00f3w\"  ><\/div><\/div><\/figure><\/a><!--end av-masonry entry--><\/div><\/div>\n\n","protected":false},"excerpt":{"rendered":"","protected":false},"author":1,"featured_media":0,"parent":0,"menu_order":0,"comment_status":"closed","ping_status":"closed","template":"","meta":{"footnotes":""},"class_list":["post-1485","page","type-page","status-publish","hentry"],"_links":{"self":[{"href":"https:\/\/askla.pl\/en\/wp-json\/wp\/v2\/pages\/1485","targetHints":{"allow":["GET"]}}],"collection":[{"href":"https:\/\/askla.pl\/en\/wp-json\/wp\/v2\/pages"}],"about":[{"href":"https:\/\/askla.pl\/en\/wp-json\/wp\/v2\/types\/page"}],"author":[{"embeddable":true,"href":"https:\/\/askla.pl\/en\/wp-json\/wp\/v2\/users\/1"}],"replies":[{"embeddable":true,"href":"https:\/\/askla.pl\/en\/wp-json\/wp\/v2\/comments?post=1485"}],"version-history":[{"count":2,"href":"https:\/\/askla.pl\/en\/wp-json\/wp\/v2\/pages\/1485\/revisions"}],"predecessor-version":[{"id":1633,"href":"https:\/\/askla.pl\/en\/wp-json\/wp\/v2\/pages\/1485\/revisions\/1633"}],"wp:attachment":[{"href":"https:\/\/askla.pl\/en\/wp-json\/wp\/v2\/media?parent=1485"}],"curies":[{"name":"wp","href":"https:\/\/api.w.org\/{rel}","templated":true}]}}