{"id":1494,"date":"2022-03-14T05:47:33","date_gmt":"2022-03-14T04:47:33","guid":{"rendered":"https:\/\/askla.pl\/production-modules\/"},"modified":"2022-08-25T06:49:16","modified_gmt":"2022-08-25T04:49:16","slug":"production-modules","status":"publish","type":"page","link":"https:\/\/askla.pl\/en\/production-modules\/","title":{"rendered":"Production modules"},"content":{"rendered":"<div id='av-layout-grid-1'  class='av-layout-grid-container av-vqmr7-bdd4cbe66179c730a67a7d20a3323805 entry-content-wrapper main_color av-flex-cells  avia-builder-el-0  el_before_av_section  avia-builder-el-first   container_wrap fullsize'  >\n\n<style type=\"text\/css\" data-created_by=\"avia_inline_auto\" id=\"style-css-av-q45ej-4b6d8124cf9f29efb74d49542457838f\">\n.flex_cell.av-q45ej-4b6d8124cf9f29efb74d49542457838f{\nvertical-align:middle;\n}\n<\/style>\n<div class='flex_cell av_two_third av-q45ej-4b6d8124cf9f29efb74d49542457838f no_margin  avia-builder-el-1  el_before_av_cell_one_third  avia-builder-el-first ' ><div class='flex_cell_inner'><p>\n<style type=\"text\/css\" data-created_by=\"avia_inline_auto\" id=\"style-css-av-l0q81cyv-5ff41fc2d7364016da88861eb81f29ed\">\n#top .av-special-heading.av-l0q81cyv-5ff41fc2d7364016da88861eb81f29ed{\npadding-bottom:10px;\n}\nbody .av-special-heading.av-l0q81cyv-5ff41fc2d7364016da88861eb81f29ed .av-special-heading-tag .heading-char{\nfont-size:25px;\n}\n.av-special-heading.av-l0q81cyv-5ff41fc2d7364016da88861eb81f29ed .av-subheading{\nfont-size:15px;\n}\n<\/style>\n<div  class='av-special-heading av-l0q81cyv-5ff41fc2d7364016da88861eb81f29ed av-special-heading-h2 blockquote modern-quote  avia-builder-el-2  el_before_av_textblock  avia-builder-el-first  av-thin-font'><h2 class='av-special-heading-tag'  itemprop=\"headline\"  ><strong>Production modules<\/strong><\/h2><div class=\"special-heading-border\"><div class=\"special-heading-inner-border\"><\/div><\/div><\/div><br \/>\n\n<style type=\"text\/css\" data-created_by=\"avia_inline_auto\" id=\"style-css-av-l0q81u8h-78095947fcf374dd55bfa19b258eb5c4\">\n#top .av_textblock_section.av-l0q81u8h-78095947fcf374dd55bfa19b258eb5c4 .avia_textblock{\ntext-align:justify;\n}\n<\/style>\n<section  class='av_textblock_section av-l0q81u8h-78095947fcf374dd55bfa19b258eb5c4'  itemscope=\"itemscope\" itemtype=\"https:\/\/schema.org\/CreativeWork\" ><div class='avia_textblock'  itemprop=\"text\" ><p>The ASKLA company produces production modules, which are the basic element of extensive production structures. Robotized modules, automatic modules are an autonomous element of the production process or are part of the production line.<\/p>\n<\/div><\/section><\/p>\n<\/div><\/div>\n<style type=\"text\/css\" data-created_by=\"avia_inline_auto\" id=\"style-css-av-lwfzf-b2fb2226e3a64af6188c20af69f0372d\">\n.flex_cell.av-lwfzf-b2fb2226e3a64af6188c20af69f0372d{\nvertical-align:top;\n}\n<\/style>\n<div class='flex_cell av_one_third av-lwfzf-b2fb2226e3a64af6188c20af69f0372d no_margin  avia-builder-el-4  el_after_av_cell_two_third  avia-builder-el-last ' ><div class='flex_cell_inner'>\n<style type=\"text\/css\" data-created_by=\"avia_inline_auto\" id=\"style-css-av-l0q83cmn-e08220539bc4f22093dcab81b966c86e\">\n.avia-image-container.av-l0q83cmn-e08220539bc4f22093dcab81b966c86e .av-image-caption-overlay-center{\ncolor:#ffffff;\n}\n<\/style>\n<div  class='avia-image-container av-l0q83cmn-e08220539bc4f22093dcab81b966c86e av-styling- av-hover-grow av-hide-overflow avia-align-center  avia-builder-el-5  avia-builder-el-no-sibling '  itemprop=\"image\" itemscope=\"itemscope\" itemtype=\"https:\/\/schema.org\/ImageObject\" ><div class=\"avia-image-container-inner\"><div class=\"avia-image-overlay-wrap\"><img loading=\"lazy\" decoding=\"async\" class='wp-image-1361 avia-img-lazy-loading-1361 avia_image' src=\"https:\/\/askla.pl\/wp-content\/uploads\/2022\/04\/3-stanowisko-do-paletyzacji-elementow-plytowych.jpg\" alt='' title='Stanowisko do paletyzacji element\u00f3w p\u0142ytowych'  height=\"800\" width=\"1200\"  itemprop=\"thumbnailUrl\" srcset=\"https:\/\/askla.pl\/wp-content\/uploads\/2022\/04\/3-stanowisko-do-paletyzacji-elementow-plytowych.jpg 1200w, https:\/\/askla.pl\/wp-content\/uploads\/2022\/04\/3-stanowisko-do-paletyzacji-elementow-plytowych-300x200.jpg 300w, https:\/\/askla.pl\/wp-content\/uploads\/2022\/04\/3-stanowisko-do-paletyzacji-elementow-plytowych-1030x687.jpg 1030w, https:\/\/askla.pl\/wp-content\/uploads\/2022\/04\/3-stanowisko-do-paletyzacji-elementow-plytowych-768x512.jpg 768w, https:\/\/askla.pl\/wp-content\/uploads\/2022\/04\/3-stanowisko-do-paletyzacji-elementow-plytowych-705x470.jpg 705w\" sizes=\"auto, (max-width: 1200px) 100vw, 1200px\" \/><\/div><\/div><\/div>\n<\/div><\/div>\n<\/div>\n\n<style type=\"text\/css\" data-created_by=\"avia_inline_auto\" id=\"style-css-av-1i743-32e2977fbe402e420caed27ae9c297f1\">\n.avia-section.av-1i743-32e2977fbe402e420caed27ae9c297f1{\nbackground-color:#f7f7f7;\n}\n<\/style>\n<div id='av_section_1'  class='avia-section av-1i743-32e2977fbe402e420caed27ae9c297f1 main_color avia-section-default avia-no-border-styling  avia-builder-el-6  el_after_av_layout_row  avia-builder-el-last  avia-bg-style-scroll container_wrap fullsize'  ><div class='container av-section-cont-open' ><div class='template-page content  av-content-full alpha units'><div class='post-entry post-entry-type-page post-entry-1494'><div class='entry-content-wrapper clearfix'>\n\n<style type=\"text\/css\" data-created_by=\"avia_inline_auto\" id=\"style-css-av-l0q81ieh-6301ec6296f6f9f38f55a44bf52d5949\">\n#top .av-special-heading.av-l0q81ieh-6301ec6296f6f9f38f55a44bf52d5949{\npadding-bottom:10px;\n}\nbody .av-special-heading.av-l0q81ieh-6301ec6296f6f9f38f55a44bf52d5949 .av-special-heading-tag .heading-char{\nfont-size:25px;\n}\n.av-special-heading.av-l0q81ieh-6301ec6296f6f9f38f55a44bf52d5949 .av-subheading{\nfont-size:15px;\n}\n<\/style>\n<div  class='av-special-heading av-l0q81ieh-6301ec6296f6f9f38f55a44bf52d5949 av-special-heading-h2 blockquote modern-quote  avia-builder-el-7  el_before_av_masonry_gallery  avia-builder-el-no-sibling  av-thin-font'><h2 class='av-special-heading-tag'  itemprop=\"headline\"  ><strong>Production modules<\/h2><div class='av-subheading av-subheading_below'><p>Realizations<\/strong><\/p>\n<\/div><div class=\"special-heading-border\"><div class=\"special-heading-inner-border\"><\/div><\/div><\/div>\n<div id='av-masonry-1' class='av-masonry av-7f15f-c73be86e1af777cd7c4f3bb3d39ad092 noHover av-fixed-size av-large-gap av-hover-overlay-desaturation av-masonry-animation-active av-masonry-col-4 av-caption-always av-caption-style- av-masonry-gallery '><div class=\"av-masonry-container isotope av-js-disabled\"><div class='av-masonry-entry isotope-item av-masonry-item-no-image '><\/div><a href=\"https:\/\/askla.pl\/wp-content\/uploads\/2022\/04\/3-modul-do-skladania-i-klejenia-kartonow-1030x687.jpg\" data-srcset=\"https:\/\/askla.pl\/wp-content\/uploads\/2022\/04\/3-modul-do-skladania-i-klejenia-kartonow-1030x687.jpg 1030w, https:\/\/askla.pl\/wp-content\/uploads\/2022\/04\/3-modul-do-skladania-i-klejenia-kartonow-300x200.jpg 300w, https:\/\/askla.pl\/wp-content\/uploads\/2022\/04\/3-modul-do-skladania-i-klejenia-kartonow-768x512.jpg 768w, https:\/\/askla.pl\/wp-content\/uploads\/2022\/04\/3-modul-do-skladania-i-klejenia-kartonow-705x470.jpg 705w, https:\/\/askla.pl\/wp-content\/uploads\/2022\/04\/3-modul-do-skladania-i-klejenia-kartonow.jpg 1200w\" data-sizes=\"(max-width: 1030px) 100vw, 1030px\"  aria-label=\"image Modu\u0142 do sk\u0142adania i klejenia karton\u00f3w\"  id='av-masonry-1-item-1357' data-av-masonry-item='1357' class='av-masonry-entry isotope-item post-1357 attachment type-attachment status-inherit hentry  av-masonry-item-with-image' title=\"Modu\u0142 do sk\u0142adania i klejenia karton\u00f3w\" alt=\"\"   itemprop=\"thumbnailUrl\" ><div class='av-inner-masonry-sizer'><\/div><figure class='av-inner-masonry main_color'><div class=\"av-masonry-outerimage-container\"><div class='av-masonry-image-container' style=\"background-image: url(https:\/\/askla.pl\/wp-content\/uploads\/2022\/04\/3-modul-do-skladania-i-klejenia-kartonow-705x470.jpg);\"  title=\"Modu\u0142 do sk\u0142adania i klejenia karton\u00f3w\"  ><\/div><\/div><\/figure><\/a><!--end av-masonry entry--><a href=\"https:\/\/askla.pl\/wp-content\/uploads\/2022\/04\/3-modul-zgrzewania-elementow-samochodowych-1030x814.jpg\" data-srcset=\"https:\/\/askla.pl\/wp-content\/uploads\/2022\/04\/3-modul-zgrzewania-elementow-samochodowych-1030x814.jpg 1030w, https:\/\/askla.pl\/wp-content\/uploads\/2022\/04\/3-modul-zgrzewania-elementow-samochodowych-300x237.jpg 300w, https:\/\/askla.pl\/wp-content\/uploads\/2022\/04\/3-modul-zgrzewania-elementow-samochodowych-768x607.jpg 768w, https:\/\/askla.pl\/wp-content\/uploads\/2022\/04\/3-modul-zgrzewania-elementow-samochodowych-705x557.jpg 705w, https:\/\/askla.pl\/wp-content\/uploads\/2022\/04\/3-modul-zgrzewania-elementow-samochodowych.jpg 1200w\" data-sizes=\"(max-width: 1030px) 100vw, 1030px\"  aria-label=\"image Modu\u0142 zgrzewania element\u00f3w samochodowych\"  id='av-masonry-1-item-1359' data-av-masonry-item='1359' class='av-masonry-entry isotope-item post-1359 attachment type-attachment status-inherit hentry  av-masonry-item-with-image' title=\"Modu\u0142 zgrzewania element\u00f3w samochodowych\" alt=\"\"   itemprop=\"thumbnailUrl\" ><div class='av-inner-masonry-sizer'><\/div><figure class='av-inner-masonry main_color'><div class=\"av-masonry-outerimage-container\"><div class='av-masonry-image-container' style=\"background-image: url(https:\/\/askla.pl\/wp-content\/uploads\/2022\/04\/3-modul-zgrzewania-elementow-samochodowych-705x557.jpg);\"  title=\"Modu\u0142 zgrzewania element\u00f3w samochodowych\"  ><\/div><\/div><\/figure><\/a><!--end av-masonry entry--><a href=\"https:\/\/askla.pl\/wp-content\/uploads\/2022\/04\/3-stanowisko-do-paletyzacji-elementow-plytowych-1030x687.jpg\" data-srcset=\"https:\/\/askla.pl\/wp-content\/uploads\/2022\/04\/3-stanowisko-do-paletyzacji-elementow-plytowych-1030x687.jpg 1030w, https:\/\/askla.pl\/wp-content\/uploads\/2022\/04\/3-stanowisko-do-paletyzacji-elementow-plytowych-300x200.jpg 300w, https:\/\/askla.pl\/wp-content\/uploads\/2022\/04\/3-stanowisko-do-paletyzacji-elementow-plytowych-768x512.jpg 768w, https:\/\/askla.pl\/wp-content\/uploads\/2022\/04\/3-stanowisko-do-paletyzacji-elementow-plytowych-705x470.jpg 705w, https:\/\/askla.pl\/wp-content\/uploads\/2022\/04\/3-stanowisko-do-paletyzacji-elementow-plytowych.jpg 1200w\" data-sizes=\"(max-width: 1030px) 100vw, 1030px\"  aria-label=\"image Stanowisko do paletyzacji element\u00f3w p\u0142ytowych\"  id='av-masonry-1-item-1361' data-av-masonry-item='1361' class='av-masonry-entry isotope-item post-1361 attachment type-attachment status-inherit hentry  av-masonry-item-with-image' title=\"Stanowisko do paletyzacji element\u00f3w p\u0142ytowych\" alt=\"\"   itemprop=\"thumbnailUrl\" ><div class='av-inner-masonry-sizer'><\/div><figure class='av-inner-masonry main_color'><div class=\"av-masonry-outerimage-container\"><div class='av-masonry-image-container' style=\"background-image: url(https:\/\/askla.pl\/wp-content\/uploads\/2022\/04\/3-stanowisko-do-paletyzacji-elementow-plytowych-705x470.jpg);\"  title=\"Stanowisko do paletyzacji element\u00f3w p\u0142ytowych\"  ><\/div><\/div><\/figure><\/a><!--end av-masonry entry--><a href=\"https:\/\/askla.pl\/wp-content\/uploads\/2022\/04\/3-stanowisko-paletyzacji-paczek-1030x687.jpg\" data-srcset=\"https:\/\/askla.pl\/wp-content\/uploads\/2022\/04\/3-stanowisko-paletyzacji-paczek-1030x687.jpg 1030w, https:\/\/askla.pl\/wp-content\/uploads\/2022\/04\/3-stanowisko-paletyzacji-paczek-300x200.jpg 300w, https:\/\/askla.pl\/wp-content\/uploads\/2022\/04\/3-stanowisko-paletyzacji-paczek-768x512.jpg 768w, https:\/\/askla.pl\/wp-content\/uploads\/2022\/04\/3-stanowisko-paletyzacji-paczek-705x470.jpg 705w, https:\/\/askla.pl\/wp-content\/uploads\/2022\/04\/3-stanowisko-paletyzacji-paczek.jpg 1200w\" data-sizes=\"(max-width: 1030px) 100vw, 1030px\"  aria-label=\"image Stanowisko paletyzacji paczek\"  id='av-masonry-1-item-1363' data-av-masonry-item='1363' class='av-masonry-entry isotope-item post-1363 attachment type-attachment status-inherit hentry  av-masonry-item-with-image' title=\"Stanowisko paletyzacji paczek\" alt=\"\"   itemprop=\"thumbnailUrl\" ><div class='av-inner-masonry-sizer'><\/div><figure class='av-inner-masonry main_color'><div class=\"av-masonry-outerimage-container\"><div class='av-masonry-image-container' style=\"background-image: url(https:\/\/askla.pl\/wp-content\/uploads\/2022\/04\/3-stanowisko-paletyzacji-paczek-705x470.jpg);\"  title=\"Stanowisko paletyzacji paczek\"  ><\/div><\/div><\/figure><\/a><!--end av-masonry entry--><a href=\"https:\/\/askla.pl\/wp-content\/uploads\/2022\/04\/3-stanowisko-zrobotyzowane-do-paletyzacji-plyt-meblowych-1030x687.jpg\" data-srcset=\"https:\/\/askla.pl\/wp-content\/uploads\/2022\/04\/3-stanowisko-zrobotyzowane-do-paletyzacji-plyt-meblowych-1030x687.jpg 1030w, https:\/\/askla.pl\/wp-content\/uploads\/2022\/04\/3-stanowisko-zrobotyzowane-do-paletyzacji-plyt-meblowych-300x200.jpg 300w, https:\/\/askla.pl\/wp-content\/uploads\/2022\/04\/3-stanowisko-zrobotyzowane-do-paletyzacji-plyt-meblowych-768x512.jpg 768w, https:\/\/askla.pl\/wp-content\/uploads\/2022\/04\/3-stanowisko-zrobotyzowane-do-paletyzacji-plyt-meblowych-705x470.jpg 705w, https:\/\/askla.pl\/wp-content\/uploads\/2022\/04\/3-stanowisko-zrobotyzowane-do-paletyzacji-plyt-meblowych.jpg 1200w\" data-sizes=\"(max-width: 1030px) 100vw, 1030px\"  aria-label=\"image Stanowisko zrobotyzowane do paletyzacji p\u0142yt meblowych\"  id='av-masonry-1-item-1365' data-av-masonry-item='1365' class='av-masonry-entry isotope-item post-1365 attachment type-attachment status-inherit hentry  av-masonry-item-with-image' title=\"Stanowisko zrobotyzowane do paletyzacji p\u0142yt meblowych\" alt=\"\"   itemprop=\"thumbnailUrl\" ><div class='av-inner-masonry-sizer'><\/div><figure class='av-inner-masonry main_color'><div class=\"av-masonry-outerimage-container\"><div class='av-masonry-image-container' style=\"background-image: url(https:\/\/askla.pl\/wp-content\/uploads\/2022\/04\/3-stanowisko-zrobotyzowane-do-paletyzacji-plyt-meblowych-705x470.jpg);\"  title=\"Stanowisko zrobotyzowane do paletyzacji p\u0142yt meblowych\"  ><\/div><\/div><\/figure><\/a><!--end av-masonry entry--><a href=\"https:\/\/askla.pl\/wp-content\/uploads\/2022\/04\/3-1-modul-do-paletyzacj-687x1030.jpg\" data-srcset=\"https:\/\/askla.pl\/wp-content\/uploads\/2022\/04\/3-1-modul-do-paletyzacj-687x1030.jpg 687w, https:\/\/askla.pl\/wp-content\/uploads\/2022\/04\/3-1-modul-do-paletyzacj-200x300.jpg 200w, https:\/\/askla.pl\/wp-content\/uploads\/2022\/04\/3-1-modul-do-paletyzacj-768x1152.jpg 768w, https:\/\/askla.pl\/wp-content\/uploads\/2022\/04\/3-1-modul-do-paletyzacj-470x705.jpg 470w, https:\/\/askla.pl\/wp-content\/uploads\/2022\/04\/3-1-modul-do-paletyzacj.jpg 800w\" data-sizes=\"(max-width: 687px) 100vw, 687px\"  aria-label=\"image Modu\u0142 do paletyzacji\"  id='av-masonry-1-item-1367' data-av-masonry-item='1367' class='av-masonry-entry isotope-item post-1367 attachment type-attachment status-inherit hentry  av-masonry-item-with-image' title=\"Modu\u0142 do paletyzacji\" alt=\"\"   itemprop=\"thumbnailUrl\" ><div class='av-inner-masonry-sizer'><\/div><figure class='av-inner-masonry main_color'><div class=\"av-masonry-outerimage-container\"><div class='av-masonry-image-container' style=\"background-image: url(https:\/\/askla.pl\/wp-content\/uploads\/2022\/04\/3-1-modul-do-paletyzacj-470x705.jpg);\"  title=\"Modu\u0142 do paletyzacji\"  ><\/div><\/div><\/figure><\/a><!--end av-masonry entry--><a href=\"https:\/\/askla.pl\/wp-content\/uploads\/2022\/04\/3-1modul-do-skladania-i-klejenia-kartonow-1030x872.jpg\" data-srcset=\"https:\/\/askla.pl\/wp-content\/uploads\/2022\/04\/3-1modul-do-skladania-i-klejenia-kartonow-1030x872.jpg 1030w, https:\/\/askla.pl\/wp-content\/uploads\/2022\/04\/3-1modul-do-skladania-i-klejenia-kartonow-300x254.jpg 300w, https:\/\/askla.pl\/wp-content\/uploads\/2022\/04\/3-1modul-do-skladania-i-klejenia-kartonow-768x650.jpg 768w, https:\/\/askla.pl\/wp-content\/uploads\/2022\/04\/3-1modul-do-skladania-i-klejenia-kartonow-705x597.jpg 705w, https:\/\/askla.pl\/wp-content\/uploads\/2022\/04\/3-1modul-do-skladania-i-klejenia-kartonow.jpg 1200w\" data-sizes=\"(max-width: 1030px) 100vw, 1030px\"  aria-label=\"image Modu\u0142 do sk\u0142adania i klejenia karton\u00f3w\"  id='av-masonry-1-item-1369' data-av-masonry-item='1369' class='av-masonry-entry isotope-item post-1369 attachment type-attachment status-inherit hentry  av-masonry-item-with-image' title=\"Modu\u0142 do sk\u0142adania i klejenia karton\u00f3w\" alt=\"\"   itemprop=\"thumbnailUrl\" ><div class='av-inner-masonry-sizer'><\/div><figure class='av-inner-masonry main_color'><div class=\"av-masonry-outerimage-container\"><div class='av-masonry-image-container' style=\"background-image: url(https:\/\/askla.pl\/wp-content\/uploads\/2022\/04\/3-1modul-do-skladania-i-klejenia-kartonow-705x597.jpg);\"  title=\"Modu\u0142 do sk\u0142adania i klejenia karton\u00f3w\"  ><\/div><\/div><\/figure><\/a><!--end av-masonry entry--><a href=\"https:\/\/askla.pl\/wp-content\/uploads\/2022\/04\/3-modul-do-paletyzacji-1030x687.jpg\" data-srcset=\"https:\/\/askla.pl\/wp-content\/uploads\/2022\/04\/3-modul-do-paletyzacji-1030x687.jpg 1030w, https:\/\/askla.pl\/wp-content\/uploads\/2022\/04\/3-modul-do-paletyzacji-300x200.jpg 300w, https:\/\/askla.pl\/wp-content\/uploads\/2022\/04\/3-modul-do-paletyzacji-768x512.jpg 768w, https:\/\/askla.pl\/wp-content\/uploads\/2022\/04\/3-modul-do-paletyzacji-705x470.jpg 705w, https:\/\/askla.pl\/wp-content\/uploads\/2022\/04\/3-modul-do-paletyzacji.jpg 1200w\" data-sizes=\"(max-width: 1030px) 100vw, 1030px\"  aria-label=\"image Modu\u0142 do paletyzacji\"  id='av-masonry-1-item-1371' data-av-masonry-item='1371' class='av-masonry-entry isotope-item post-1371 attachment type-attachment status-inherit hentry  av-masonry-item-with-image' title=\"Modu\u0142 do paletyzacji\" alt=\"\"   itemprop=\"thumbnailUrl\" ><div class='av-inner-masonry-sizer'><\/div><figure class='av-inner-masonry main_color'><div class=\"av-masonry-outerimage-container\"><div class='av-masonry-image-container' style=\"background-image: url(https:\/\/askla.pl\/wp-content\/uploads\/2022\/04\/3-modul-do-paletyzacji-705x470.jpg);\"  title=\"Modu\u0142 do paletyzacji\"  ><\/div><\/div><\/figure><\/a><!--end av-masonry entry--><a href=\"https:\/\/askla.pl\/wp-content\/uploads\/2022\/04\/3-modul-do-skladania-i-klejenia-kartonow-2-1030x687.jpg\" data-srcset=\"https:\/\/askla.pl\/wp-content\/uploads\/2022\/04\/3-modul-do-skladania-i-klejenia-kartonow-2-1030x687.jpg 1030w, https:\/\/askla.pl\/wp-content\/uploads\/2022\/04\/3-modul-do-skladania-i-klejenia-kartonow-2-300x200.jpg 300w, https:\/\/askla.pl\/wp-content\/uploads\/2022\/04\/3-modul-do-skladania-i-klejenia-kartonow-2-768x512.jpg 768w, https:\/\/askla.pl\/wp-content\/uploads\/2022\/04\/3-modul-do-skladania-i-klejenia-kartonow-2-705x470.jpg 705w, https:\/\/askla.pl\/wp-content\/uploads\/2022\/04\/3-modul-do-skladania-i-klejenia-kartonow-2.jpg 1200w\" data-sizes=\"(max-width: 1030px) 100vw, 1030px\"  aria-label=\"image Modu\u0142 do sk\u0142adania i klejenia karton\u00f3w\"  id='av-masonry-1-item-1373' data-av-masonry-item='1373' class='av-masonry-entry isotope-item post-1373 attachment type-attachment status-inherit hentry  av-masonry-item-with-image' title=\"Modu\u0142 do sk\u0142adania i klejenia karton\u00f3w\" alt=\"\"   itemprop=\"thumbnailUrl\" ><div class='av-inner-masonry-sizer'><\/div><figure class='av-inner-masonry main_color'><div class=\"av-masonry-outerimage-container\"><div class='av-masonry-image-container' style=\"background-image: url(https:\/\/askla.pl\/wp-content\/uploads\/2022\/04\/3-modul-do-skladania-i-klejenia-kartonow-2-705x470.jpg);\"  title=\"Modu\u0142 do sk\u0142adania i klejenia karton\u00f3w\"  ><\/div><\/div><\/figure><\/a><!--end av-masonry entry--><\/div><\/div>\n\n","protected":false},"excerpt":{"rendered":"","protected":false},"author":1,"featured_media":0,"parent":0,"menu_order":0,"comment_status":"closed","ping_status":"closed","template":"","meta":{"footnotes":""},"class_list":["post-1494","page","type-page","status-publish","hentry"],"_links":{"self":[{"href":"https:\/\/askla.pl\/en\/wp-json\/wp\/v2\/pages\/1494","targetHints":{"allow":["GET"]}}],"collection":[{"href":"https:\/\/askla.pl\/en\/wp-json\/wp\/v2\/pages"}],"about":[{"href":"https:\/\/askla.pl\/en\/wp-json\/wp\/v2\/types\/page"}],"author":[{"embeddable":true,"href":"https:\/\/askla.pl\/en\/wp-json\/wp\/v2\/users\/1"}],"replies":[{"embeddable":true,"href":"https:\/\/askla.pl\/en\/wp-json\/wp\/v2\/comments?post=1494"}],"version-history":[{"count":2,"href":"https:\/\/askla.pl\/en\/wp-json\/wp\/v2\/pages\/1494\/revisions"}],"predecessor-version":[{"id":1636,"href":"https:\/\/askla.pl\/en\/wp-json\/wp\/v2\/pages\/1494\/revisions\/1636"}],"wp:attachment":[{"href":"https:\/\/askla.pl\/en\/wp-json\/wp\/v2\/media?parent=1494"}],"curies":[{"name":"wp","href":"https:\/\/api.w.org\/{rel}","templated":true}]}}